{"id":166,"date":"2023-09-18T10:43:37","date_gmt":"2023-09-18T08:43:37","guid":{"rendered":"https:\/\/galets-malins.com\/?page_id=166"},"modified":"2023-10-10T11:39:09","modified_gmt":"2023-10-10T09:39:09","slug":"personnalises","status":"publish","type":"page","link":"https:\/\/galets-malins.com\/index.php\/personnalises\/","title":{"rendered":"personnalises"},"content":{"rendered":"\n    \n    <section class=\"u-clearfix u-custom-color-1 u-section-2\" id=\"sec-c3d0\">\n      <div class=\"u-clearfix u-sheet u-sheet-1\">\n        <p class=\"u-custom-font u-font-lobster u-text u-text-default u-text-white u-text-1\">\n          <span style=\"font-weight: 700; font-style: italic;\"><\/span>\n          <span style=\"font-size: 1.875rem; font-weight: 700;\">T<\/span>\n          <span style=\"font-weight: 700;\">outes mes cr\u00e9ations sont des pi\u00e8ces uniques. Lorsqu'elles\nsont vendues, elles peuvent faire l'objet d'une nouvelle commande en s\u2019inspirant&nbsp;des\nth\u00e8mes que vous avez aim\u00e9s, mais je peux \u00e9galement personnaliser tous mes\nproduits \u00e0 votre convenance. N\u2019h\u00e9sitez pas \u00e0 me contacter.<\/span>\n        <\/p>\n        <p class=\"u-align-right u-custom-font u-font-lobster u-text u-text-default u-text-white u-text-2\">Ginette MUNCH<br>\n        <\/p>\n        <a href=\"https:\/\/galets-malins.com\/index.php\/contact\/\" class=\"u-border-none u-btn u-btn-round u-button-style u-hover-palette-1-light-1 u-radius-50 u-text-custom-color-1 u-white u-btn-1\" title=\"Cliquez pour me contacter\">ME CONTACTER<\/a>\n      <\/div>\n    <\/section>\n    <section class=\"u-align-center u-clearfix u-image u-parallax u-section-3\" id=\"sec-d042\" data-image-width=\"1280\" data-image-height=\"853\" style=\"background-image: url(&quot;https:\/\/galets-malins.com\/wp-content\/uploads\/2023\/10\/a242820815f6fc9eac9aff3817b9ef194ef9a9714b9cd814e27e0ab85a9681fd433f43a73e11174757be27634e0bfa202e0795dee25965ee0c6f1e_1280.jpg&quot;);\">\n      <div class=\"u-clearfix u-sheet u-sheet-1\"><!--products_options_json--><!--{\"type\":\"products-category\",\"source\":\"Galets personnalis\u00e9s\",\"tags\":\"\",\"count\":\"25\"}--><!--\/products_options_json-->\n        <div class=\"u-expanded-width u-layout-grid u-pagination-center u-products u-products-1 u-cms u-hidden-visibility\"  data-site-sorting-prop=\"created\" data-site-sorting-order=\"desc\" data-products-id=\"1\" data-products-datasource=\"cms\" data-max-items=\"25\" data-items-per-page=\"6\">\n          <div class=\"u-repeater u-repeater-1\">\n            <div class=\"u-align-center u-container-style u-products-item u-repeater-item u-white u-repeater-item-1\">\n              <div class=\"u-container-layout u-similar-container u-container-layout-1\">\n                <img decoding=\"async\" alt=\"\" class=\"u-expanded-width u-image u-image-contain u-image-default u-product-control u-image-1\" src=\"https:\/\/galets-malins.com\/wp-content\/uploads\/2023\/10\/Galet-Marine-personalise-cadeau-decoration-plaisir-personnel.jpg\" style=\"cursor:pointer;\" data-product-control=\"https:\/\/galets-malins.com\/index.php\/produit\/la-mariniere\/\">\n                <h4 class=\"u-product-control u-text u-text-1\">\n                  <a class=\"u-product-title-link\" href=\"https:\/\/galets-malins.com\/index.php\/produit\/la-mariniere\/\">La Marini\u00e8re<\/a>\n                <\/h4>\n                <div class=\"u-product-control u-product-price u-product-price-1\">\n                  <div class=\"u-price-wrapper u-spacing-10\">\n                    <div class=\"u-hide-price u-old-price\">  <\/div>\n                    <div class=\"u-price u-text-palette-2-base\" style=\"font-size: 1.25rem; font-weight: 700;\"> <span class=\"woocommerce-Price-amount amount\"><bdi>14.00&nbsp;<span class=\"woocommerce-Price-currencySymbol\">&euro;<\/span><\/bdi><\/span><span style=\"color:rgb(0, 0, 0);margin-left: 6px;font-size: 94%;\"><\/span> <\/div>\n                  <\/div>\n                <\/div>\n              <\/div>\n            <\/div>\n            <div class=\"u-align-center u-container-style u-products-item u-repeater-item u-white u-repeater-item-2\">\n              <div class=\"u-container-layout u-similar-container u-container-layout-2\">\n                <img decoding=\"async\" alt=\"\" class=\"u-expanded-width u-image u-image-contain u-image-default u-product-control u-image-2\" src=\"https:\/\/galets-malins.com\/wp-content\/uploads\/2023\/09\/Galet-Humoriste-personalise-cadeau-decoration-plaisir.jpg\" style=\"cursor:pointer;\" data-product-control=\"https:\/\/galets-malins.com\/index.php\/produit\/galet-frayeur\/\">\n                <h4 class=\"u-product-control u-text u-text-2\">\n                  <a class=\"u-product-title-link\" href=\"https:\/\/galets-malins.com\/index.php\/produit\/galet-frayeur\/\">Galet Frayeur<\/a>\n                <\/h4>\n                <div class=\"u-product-control u-product-price u-product-price-2\">\n                  <div class=\"u-price-wrapper u-spacing-10\">\n                    <div class=\"u-hide-price u-old-price\">  <\/div>\n                    <div class=\"u-price u-text-palette-2-base\" style=\"font-size: 1.25rem; font-weight: 700;\"> <span class=\"woocommerce-Price-amount amount\"><bdi>12.00&nbsp;<span class=\"woocommerce-Price-currencySymbol\">&euro;<\/span><\/bdi><\/span><span style=\"color:rgb(0, 0, 0);margin-left: 6px;font-size: 94%;\"><\/span> <\/div>\n                  <\/div>\n                <\/div>\n              <\/div>\n            <\/div>\n            <div class=\"u-align-center u-container-style u-products-item u-repeater-item u-white u-repeater-item-3\">\n              <div class=\"u-container-layout u-similar-container u-container-layout-3\">\n                <img decoding=\"async\" alt=\"\" class=\"u-expanded-width u-image u-image-contain u-image-default u-product-control u-image-3\" src=\"https:\/\/galets-malins.com\/wp-content\/uploads\/2023\/09\/Galet-Tete-de-cheval-personalise-cadeau-decoration-plaisir.jpg\" style=\"cursor:pointer;\" data-product-control=\"https:\/\/galets-malins.com\/index.php\/produit\/419\/\">\n                <h4 class=\"u-product-control u-text u-text-3\">\n                  <a class=\"u-product-title-link\" href=\"https:\/\/galets-malins.com\/index.php\/produit\/419\/\">Galet T\u00eate de Cheval\"<\/a>\n                <\/h4>\n                <div class=\"u-product-control u-product-price u-product-price-3\">\n                  <div class=\"u-price-wrapper u-spacing-10\">\n                    <div class=\"u-hide-price u-old-price\">  <\/div>\n                    <div class=\"u-price u-text-palette-2-base\" style=\"font-size: 1.25rem; font-weight: 700;\"> <span class=\"woocommerce-Price-amount amount\"><bdi>20.00&nbsp;<span class=\"woocommerce-Price-currencySymbol\">&euro;<\/span><\/bdi><\/span><span style=\"color:rgb(0, 0, 0);margin-left: 6px;font-size: 94%;\"><\/span> <\/div>\n                  <\/div>\n                <\/div>\n              <\/div>\n            <\/div>\n            <div class=\"u-align-center u-container-style u-products-item u-repeater-item u-white u-repeater-item-4\">\n              <div class=\"u-container-layout u-similar-container u-container-layout-4\">\n                <img decoding=\"async\" alt=\"\" class=\"u-expanded-width u-image u-image-contain u-image-default u-product-control u-image-4\" src=\"https:\/\/galets-malins.com\/wp-content\/uploads\/2023\/09\/WhatsAppImage2023-09-1719.48.37.jpg\" style=\"cursor:pointer;\" data-product-control=\"https:\/\/galets-malins.com\/index.php\/produit\/heros-goldorak\/\">\n                <h4 class=\"u-product-control u-text u-text-4\">\n                  <a class=\"u-product-title-link\" href=\"https:\/\/galets-malins.com\/index.php\/produit\/heros-goldorak\/\">H\u00e9ros \"Goldorak\"<\/a>\n                <\/h4>\n                <div class=\"u-product-control u-product-price u-product-price-4\">\n                  <div class=\"u-price-wrapper u-spacing-10\">\n                    <div class=\"u-hide-price u-old-price\">  <\/div>\n                    <div class=\"u-price u-text-palette-2-base\" style=\"font-size: 1.25rem; font-weight: 700;\"> <span class=\"woocommerce-Price-amount amount\"><bdi>20.00&nbsp;<span class=\"woocommerce-Price-currencySymbol\">&euro;<\/span><\/bdi><\/span><span style=\"color:rgb(0, 0, 0);margin-left: 6px;font-size: 94%;\"><\/span> <\/div>\n                  <\/div>\n                <\/div>\n              <\/div>\n            <\/div>\n            <div class=\"u-align-center u-container-style u-products-item u-repeater-item u-white u-repeater-item-5\">\n              <div class=\"u-container-layout u-similar-container u-container-layout-5\">\n                <img decoding=\"async\" alt=\"\" class=\"u-expanded-width u-image u-image-contain u-image-default u-product-control u-image-5\" src=\"https:\/\/galets-malins.com\/wp-content\/uploads\/2023\/09\/WhatsApp-Image-2023-09-17-a-19.45.50.jpg\" style=\"cursor:pointer;\" data-product-control=\"https:\/\/galets-malins.com\/index.php\/produit\/homme-heureux\/\">\n                <h4 class=\"u-product-control u-text u-text-5\">\n                  <a class=\"u-product-title-link\" href=\"https:\/\/galets-malins.com\/index.php\/produit\/homme-heureux\/\">Homme Heureux<\/a>\n                <\/h4>\n                <div class=\"u-product-control u-product-price u-product-price-5\">\n                  <div class=\"u-price-wrapper u-spacing-10\">\n                    <div class=\"u-hide-price u-old-price\">  <\/div>\n                    <div class=\"u-price u-text-palette-2-base\" style=\"font-size: 1.25rem; font-weight: 700;\"> <span class=\"woocommerce-Price-amount amount\"><bdi>19.00&nbsp;<span class=\"woocommerce-Price-currencySymbol\">&euro;<\/span><\/bdi><\/span><span style=\"color:rgb(0, 0, 0);margin-left: 6px;font-size: 94%;\"><\/span> <\/div>\n                  <\/div>\n                <\/div>\n              <\/div>\n            <\/div>\n            <div class=\"u-align-center u-container-style u-products-item u-repeater-item u-white u-repeater-item-1\">\n              <div class=\"u-container-layout u-similar-container u-container-layout-1\">\n                <img decoding=\"async\" alt=\"\" class=\"u-expanded-width u-image u-image-contain u-image-default u-product-control u-image-1\" src=\"https:\/\/galets-malins.com\/wp-content\/uploads\/2023\/09\/WhatsApp-Image-2023-09-17-a-19.46.15.jpg\" style=\"cursor:pointer;\" data-product-control=\"https:\/\/galets-malins.com\/index.php\/produit\/ancre\/\">\n                <h4 class=\"u-product-control u-text u-text-1\">\n                  <a class=\"u-product-title-link\" href=\"https:\/\/galets-malins.com\/index.php\/produit\/ancre\/\">Ancre<\/a>\n                <\/h4>\n                <div class=\"u-product-control u-product-price u-product-price-1\">\n                  <div class=\"u-price-wrapper u-spacing-10\">\n                    <div class=\"u-hide-price u-old-price\">  <\/div>\n                    <div class=\"u-price u-text-palette-2-base\" style=\"font-size: 1.25rem; font-weight: 700;\"> <span class=\"woocommerce-Price-amount amount\"><bdi>15.00&nbsp;<span class=\"woocommerce-Price-currencySymbol\">&euro;<\/span><\/bdi><\/span><span style=\"color:rgb(0, 0, 0);margin-left: 6px;font-size: 94%;\"><\/span> <\/div>\n                  <\/div>\n                <\/div>\n              <\/div>\n            <\/div>\n          <\/div>\n        <\/div>\n      <\/div>\n      \n      \n      \n    <\/section>\n    \n    \n    \n    \n  \n","protected":false},"excerpt":{"rendered":"<p>T outes mes cr\u00e9ations sont des pi\u00e8ces uniques. Lorsqu&rsquo;elles sont vendues, elles peuvent faire l&rsquo;objet d&rsquo;une nouvelle commande en s\u2019inspirant&nbsp;des th\u00e8mes que vous avez aim\u00e9s, mais je peux \u00e9galement personnaliser &hellip; <a href=\"https:\/\/galets-malins.com\/index.php\/personnalises\/\" class=\"more-link\">Continue reading<span class=\"screen-reader-text\"> \u00ab\u00a0personnalises\u00a0\u00bb<\/span><\/a><\/p>\n","protected":false},"author":1,"featured_media":0,"parent":0,"menu_order":0,"comment_status":"closed","ping_status":"closed","template":"","meta":{"_uag_custom_page_level_css":"","footnotes":""},"class_list":["post-166","page","type-page","status-publish","hentry"],"yoast_head":"<!-- This site is optimized with the Yoast SEO plugin v27.4 - https:\/\/yoast.com\/product\/yoast-seo-wordpress\/ -->\n<title>personnalises - galets-malins.com<\/title>\n<meta name=\"robots\" content=\"index, follow, max-snippet:-1, max-image-preview:large, max-video-preview:-1\" \/>\n<link rel=\"canonical\" href=\"https:\/\/galets-malins.com\/index.php\/personnalises\/\" \/>\n<meta property=\"og:locale\" content=\"fr_FR\" \/>\n<meta property=\"og:type\" content=\"article\" \/>\n<meta property=\"og:title\" content=\"personnalises - galets-malins.com\" \/>\n<meta property=\"og:description\" content=\"T outes mes cr\u00e9ations sont des pi\u00e8ces uniques. Lorsqu&#039;elles sont vendues, elles peuvent faire l&#039;objet d&#039;une nouvelle commande en s\u2019inspirant&nbsp;des th\u00e8mes que vous avez aim\u00e9s, mais je peux \u00e9galement personnaliser &hellip; Continue reading &quot;personnalises&quot;\" \/>\n<meta property=\"og:url\" content=\"https:\/\/galets-malins.com\/index.php\/personnalises\/\" \/>\n<meta property=\"og:site_name\" content=\"galets-malins.com\" \/>\n<meta property=\"article:modified_time\" content=\"2023-10-10T09:39:09+00:00\" \/>\n<meta name=\"twitter:card\" content=\"summary_large_image\" \/>\n<meta name=\"twitter:label1\" content=\"Dur\u00e9e de lecture estim\u00e9e\" \/>\n\t<meta name=\"twitter:data1\" content=\"1 minute\" \/>\n<script type=\"application\/ld+json\" class=\"yoast-schema-graph\">{\"@context\":\"https:\\\/\\\/schema.org\",\"@graph\":[{\"@type\":\"WebPage\",\"@id\":\"https:\\\/\\\/galets-malins.com\\\/index.php\\\/personnalises\\\/\",\"url\":\"https:\\\/\\\/galets-malins.com\\\/index.php\\\/personnalises\\\/\",\"name\":\"personnalises - galets-malins.com\",\"isPartOf\":{\"@id\":\"https:\\\/\\\/galets-malins.com\\\/#website\"},\"datePublished\":\"2023-09-18T08:43:37+00:00\",\"dateModified\":\"2023-10-10T09:39:09+00:00\",\"breadcrumb\":{\"@id\":\"https:\\\/\\\/galets-malins.com\\\/index.php\\\/personnalises\\\/#breadcrumb\"},\"inLanguage\":\"fr-FR\",\"potentialAction\":[{\"@type\":\"ReadAction\",\"target\":[\"https:\\\/\\\/galets-malins.com\\\/index.php\\\/personnalises\\\/\"]}]},{\"@type\":\"BreadcrumbList\",\"@id\":\"https:\\\/\\\/galets-malins.com\\\/index.php\\\/personnalises\\\/#breadcrumb\",\"itemListElement\":[{\"@type\":\"ListItem\",\"position\":1,\"name\":\"Accueil\",\"item\":\"https:\\\/\\\/galets-malins.com\\\/\"},{\"@type\":\"ListItem\",\"position\":2,\"name\":\"personnalises\"}]},{\"@type\":\"WebSite\",\"@id\":\"https:\\\/\\\/galets-malins.com\\\/#website\",\"url\":\"https:\\\/\\\/galets-malins.com\\\/\",\"name\":\"galets-malins.com\",\"description\":\"Cr\u00e9ations orignales en galets\",\"publisher\":{\"@id\":\"https:\\\/\\\/galets-malins.com\\\/#organization\"},\"potentialAction\":[{\"@type\":\"SearchAction\",\"target\":{\"@type\":\"EntryPoint\",\"urlTemplate\":\"https:\\\/\\\/galets-malins.com\\\/?s={search_term_string}\"},\"query-input\":{\"@type\":\"PropertyValueSpecification\",\"valueRequired\":true,\"valueName\":\"search_term_string\"}}],\"inLanguage\":\"fr-FR\"},{\"@type\":\"Organization\",\"@id\":\"https:\\\/\\\/galets-malins.com\\\/#organization\",\"name\":\"galets-malins.com\",\"url\":\"https:\\\/\\\/galets-malins.com\\\/\",\"logo\":{\"@type\":\"ImageObject\",\"inLanguage\":\"fr-FR\",\"@id\":\"https:\\\/\\\/galets-malins.com\\\/#\\\/schema\\\/logo\\\/image\\\/\",\"url\":\"https:\\\/\\\/galets-malins.com\\\/wp-content\\\/uploads\\\/2023\\\/09\\\/logo-site.png\",\"contentUrl\":\"https:\\\/\\\/galets-malins.com\\\/wp-content\\\/uploads\\\/2023\\\/09\\\/logo-site.png\",\"width\":582,\"height\":303,\"caption\":\"galets-malins.com\"},\"image\":{\"@id\":\"https:\\\/\\\/galets-malins.com\\\/#\\\/schema\\\/logo\\\/image\\\/\"}}]}<\/script>\n<!-- \/ Yoast SEO plugin. -->","yoast_head_json":{"title":"personnalises - galets-malins.com","robots":{"index":"index","follow":"follow","max-snippet":"max-snippet:-1","max-image-preview":"max-image-preview:large","max-video-preview":"max-video-preview:-1"},"canonical":"https:\/\/galets-malins.com\/index.php\/personnalises\/","og_locale":"fr_FR","og_type":"article","og_title":"personnalises - galets-malins.com","og_description":"T outes mes cr\u00e9ations sont des pi\u00e8ces uniques. Lorsqu'elles sont vendues, elles peuvent faire l'objet d'une nouvelle commande en s\u2019inspirant&nbsp;des th\u00e8mes que vous avez aim\u00e9s, mais je peux \u00e9galement personnaliser &hellip; Continue reading \"personnalises\"","og_url":"https:\/\/galets-malins.com\/index.php\/personnalises\/","og_site_name":"galets-malins.com","article_modified_time":"2023-10-10T09:39:09+00:00","twitter_card":"summary_large_image","twitter_misc":{"Dur\u00e9e de lecture estim\u00e9e":"1 minute"},"schema":{"@context":"https:\/\/schema.org","@graph":[{"@type":"WebPage","@id":"https:\/\/galets-malins.com\/index.php\/personnalises\/","url":"https:\/\/galets-malins.com\/index.php\/personnalises\/","name":"personnalises - galets-malins.com","isPartOf":{"@id":"https:\/\/galets-malins.com\/#website"},"datePublished":"2023-09-18T08:43:37+00:00","dateModified":"2023-10-10T09:39:09+00:00","breadcrumb":{"@id":"https:\/\/galets-malins.com\/index.php\/personnalises\/#breadcrumb"},"inLanguage":"fr-FR","potentialAction":[{"@type":"ReadAction","target":["https:\/\/galets-malins.com\/index.php\/personnalises\/"]}]},{"@type":"BreadcrumbList","@id":"https:\/\/galets-malins.com\/index.php\/personnalises\/#breadcrumb","itemListElement":[{"@type":"ListItem","position":1,"name":"Accueil","item":"https:\/\/galets-malins.com\/"},{"@type":"ListItem","position":2,"name":"personnalises"}]},{"@type":"WebSite","@id":"https:\/\/galets-malins.com\/#website","url":"https:\/\/galets-malins.com\/","name":"galets-malins.com","description":"Cr\u00e9ations orignales en galets","publisher":{"@id":"https:\/\/galets-malins.com\/#organization"},"potentialAction":[{"@type":"SearchAction","target":{"@type":"EntryPoint","urlTemplate":"https:\/\/galets-malins.com\/?s={search_term_string}"},"query-input":{"@type":"PropertyValueSpecification","valueRequired":true,"valueName":"search_term_string"}}],"inLanguage":"fr-FR"},{"@type":"Organization","@id":"https:\/\/galets-malins.com\/#organization","name":"galets-malins.com","url":"https:\/\/galets-malins.com\/","logo":{"@type":"ImageObject","inLanguage":"fr-FR","@id":"https:\/\/galets-malins.com\/#\/schema\/logo\/image\/","url":"https:\/\/galets-malins.com\/wp-content\/uploads\/2023\/09\/logo-site.png","contentUrl":"https:\/\/galets-malins.com\/wp-content\/uploads\/2023\/09\/logo-site.png","width":582,"height":303,"caption":"galets-malins.com"},"image":{"@id":"https:\/\/galets-malins.com\/#\/schema\/logo\/image\/"}}]}},"uagb_featured_image_src":{"full":false,"thumbnail":false,"medium":false,"medium_large":false,"large":false,"1536x1536":false,"2048x2048":false,"post-thumbnail":false,"woocommerce_thumbnail":false,"woocommerce_single":false,"woocommerce_gallery_thumbnail":false},"uagb_author_info":{"display_name":"galets-malins.com","author_link":"https:\/\/galets-malins.com\/index.php\/author\/galets-malins-com\/"},"uagb_comment_info":0,"uagb_excerpt":"T outes mes cr\u00e9ations sont des pi\u00e8ces uniques. Lorsqu'elles sont vendues, elles peuvent faire l'objet d'une nouvelle commande en s\u2019inspirant&nbsp;des th\u00e8mes que vous avez aim\u00e9s, mais je peux \u00e9galement personnaliser &hellip; Continue reading \"personnalises\"","_links":{"self":[{"href":"https:\/\/galets-malins.com\/index.php\/wp-json\/wp\/v2\/pages\/166","targetHints":{"allow":["GET"]}}],"collection":[{"href":"https:\/\/galets-malins.com\/index.php\/wp-json\/wp\/v2\/pages"}],"about":[{"href":"https:\/\/galets-malins.com\/index.php\/wp-json\/wp\/v2\/types\/page"}],"author":[{"embeddable":true,"href":"https:\/\/galets-malins.com\/index.php\/wp-json\/wp\/v2\/users\/1"}],"replies":[{"embeddable":true,"href":"https:\/\/galets-malins.com\/index.php\/wp-json\/wp\/v2\/comments?post=166"}],"version-history":[{"count":21,"href":"https:\/\/galets-malins.com\/index.php\/wp-json\/wp\/v2\/pages\/166\/revisions"}],"predecessor-version":[{"id":531,"href":"https:\/\/galets-malins.com\/index.php\/wp-json\/wp\/v2\/pages\/166\/revisions\/531"}],"wp:attachment":[{"href":"https:\/\/galets-malins.com\/index.php\/wp-json\/wp\/v2\/media?parent=166"}],"curies":[{"name":"wp","href":"https:\/\/api.w.org\/{rel}","templated":true}]}}