{"id":185,"date":"2023-09-18T10:53:42","date_gmt":"2023-09-18T08:53:42","guid":{"rendered":"https:\/\/galets-malins.com\/?page_id=185"},"modified":"2023-10-17T20:21:14","modified_gmt":"2023-10-17T18:21:14","slug":"autres-creations","status":"publish","type":"page","link":"https:\/\/galets-malins.com\/index.php\/autres-creations\/","title":{"rendered":"Autres cr\u00e9ations"},"content":{"rendered":"\n    \n    <section class=\"u-clearfix u-section-2\" id=\"sec-6e0f\">\n      <div class=\"u-clearfix u-sheet u-sheet-1\"><\/div>\n    <\/section>\n    <section class=\"u-clearfix u-custom-color-1 u-section-3\" id=\"sec-8dc6\">\n      <div class=\"u-clearfix u-sheet u-sheet-1\">\n        <p class=\"u-custom-font u-font-lobster u-text u-text-default u-text-white u-text-1\">\n          <span style=\"font-weight: 700;\">\n            <span style=\"font-size: 1.875rem;\">T<\/span>outes mes cr\u00e9ations sont des pi\u00e8ces uniques. Lorsqu'elles\nsont vendues, elles peuvent faire l'objet d'une nouvelle commande en s\u2019inspirant&nbsp;des\nth\u00e8mes que vous avez aim\u00e9s, mais je peux \u00e9galement personnaliser tous mes\nproduits \u00e0 votre convenance. N\u2019h\u00e9sitez pas \u00e0 me contacter. \n          <\/span>\n        <\/p>\n        <p class=\"u-align-right u-custom-font u-font-lobster u-text u-text-default u-text-white u-text-2\">Ginette MUNCH<br>\n        <\/p>\n        <a href=\"https:\/\/galets-malins.com\/index.php\/contact\/\" class=\"u-border-none u-btn u-btn-round u-button-style u-hover-palette-1-light-1 u-radius-50 u-text-custom-color-1 u-white u-btn-1\">Me contacter<\/a>\n      <\/div>\n    <\/section>\n    <section class=\"u-align-center u-clearfix u-section-4\" id=\"sec-a83b\">\n      <div class=\"u-clearfix u-sheet u-sheet-1\"><!--products_options_json--><!--{\"type\":\"products-category\",\"source\":\"autres cr\u00e9ations\",\"tags\":\"\",\"count\":\"\"}--><!--\/products_options_json-->\n        <div class=\"u-expanded-width u-layout-grid u-products u-products-1 u-cms u-hidden-visibility\"  data-site-sorting-prop=\"created\" data-site-sorting-order=\"desc\" data-products-id=\"1\" data-products-datasource=\"cms\" data-items-per-page=\"3\">\n          <div class=\"u-repeater u-repeater-1\">\n            <div class=\"u-align-center u-container-style u-products-item u-repeater-item u-white u-repeater-item-1\">\n              <div class=\"u-container-layout u-similar-container u-container-layout-1\">\n                <img decoding=\"async\" alt=\"\" class=\"u-expanded-width u-image u-image-contain u-image-default u-product-control u-image-1\" src=\"https:\/\/galets-malins.com\/wp-content\/uploads\/2023\/09\/Baskette-customise-chaussure-.jpg\" style=\"cursor:pointer;\" data-product-control=\"https:\/\/galets-malins.com\/index.php\/produit\/basket\/\">\n                <h4 class=\"u-product-control u-text u-text-1\">\n                  <a class=\"u-product-title-link\" href=\"https:\/\/galets-malins.com\/index.php\/produit\/basket\/\">Basket<\/a>\n                <\/h4>\n                <div class=\"u-product-control u-product-price u-product-price-1\">\n                  <div class=\"u-price-wrapper u-spacing-10\">\n                    <div class=\"u-hide-price u-old-price\">  <\/div>\n                    <div class=\"u-price u-text-palette-2-base\" style=\"font-size: 1.25rem; font-weight: 700;\"> <span class=\"woocommerce-Price-amount amount\"><bdi>90.00&nbsp;<span class=\"woocommerce-Price-currencySymbol\">&euro;<\/span><\/bdi><\/span><span style=\"color:rgb(0, 0, 0);margin-left: 6px;font-size: 94%;\"><\/span> <\/div>\n                  <\/div>\n                <\/div>\n              <\/div>\n            <\/div>\n            <div class=\"u-align-center u-container-style u-products-item u-repeater-item u-white u-repeater-item-2\">\n              <div class=\"u-container-layout u-similar-container u-container-layout-2\">\n                <img decoding=\"async\" alt=\"\" class=\"u-expanded-width u-image u-image-contain u-image-default u-product-control u-image-2\" src=\"https:\/\/galets-malins.com\/wp-content\/uploads\/2023\/09\/WhatsApp-Image-2023-09-17-a-19.50.33.jpg\" style=\"cursor:pointer;\" data-product-control=\"https:\/\/galets-malins.com\/index.php\/produit\/bague\/\">\n                <h4 class=\"u-product-control u-text u-text-2\">\n                  <a class=\"u-product-title-link\" href=\"https:\/\/galets-malins.com\/index.php\/produit\/bague\/\">Bague<\/a>\n                <\/h4>\n                <div class=\"u-product-control u-product-price u-product-price-2\">\n                  <div class=\"u-price-wrapper u-spacing-10\">\n                    <div class=\"u-hide-price u-old-price\">  <\/div>\n                    <div class=\"u-price u-text-palette-2-base\" style=\"font-size: 1.25rem; font-weight: 700;\"> <span class=\"woocommerce-Price-amount amount\"><bdi>19.00&nbsp;<span class=\"woocommerce-Price-currencySymbol\">&euro;<\/span><\/bdi><\/span><span style=\"color:rgb(0, 0, 0);margin-left: 6px;font-size: 94%;\"><\/span> <\/div>\n                  <\/div>\n                <\/div>\n              <\/div>\n            <\/div>\n            <div class=\"u-align-center u-container-style u-products-item u-repeater-item u-white u-repeater-item-3\">\n              <div class=\"u-container-layout u-similar-container u-container-layout-3\">\n                <img decoding=\"async\" alt=\"\" class=\"u-expanded-width u-image u-image-contain u-image-default u-product-control u-image-3\" src=\"https:\/\/galets-malins.com\/wp-content\/uploads\/2023\/09\/WhatsApp-Image-2023-09-17-a-19.54.03.jpg\" style=\"cursor:pointer;\" data-product-control=\"https:\/\/galets-malins.com\/index.php\/produit\/basket-2\/\">\n                <h4 class=\"u-product-control u-text u-text-3\">\n                  <a class=\"u-product-title-link\" href=\"https:\/\/galets-malins.com\/index.php\/produit\/basket-2\/\">Basket<\/a>\n                <\/h4>\n                <div class=\"u-product-control u-product-price u-product-price-3\">\n                  <div class=\"u-price-wrapper u-spacing-10\">\n                    <div class=\"u-hide-price u-old-price\">  <\/div>\n                    <div class=\"u-price u-text-palette-2-base\" style=\"font-size: 1.25rem; font-weight: 700;\"> <span class=\"woocommerce-Price-amount amount\"><bdi>75.00&nbsp;<span class=\"woocommerce-Price-currencySymbol\">&euro;<\/span><\/bdi><\/span><span style=\"color:rgb(0, 0, 0);margin-left: 6px;font-size: 94%;\"><\/span> <\/div>\n                  <\/div>\n                <\/div>\n              <\/div>\n            <\/div>\n          <\/div>\n        <\/div>\n      <\/div>\n      \n      \n    <\/section>\n    \n    \n    \n    \n  \n","protected":false},"excerpt":{"rendered":"<p>Toutes mes cr\u00e9ations sont des pi\u00e8ces uniques. Lorsqu&rsquo;elles sont vendues, elles peuvent faire l&rsquo;objet d&rsquo;une nouvelle commande en s\u2019inspirant&nbsp;des th\u00e8mes que vous avez aim\u00e9s, mais je peux \u00e9galement personnaliser tous &hellip; <a href=\"https:\/\/galets-malins.com\/index.php\/autres-creations\/\" class=\"more-link\">Continue reading<span class=\"screen-reader-text\"> \u00ab\u00a0Autres cr\u00e9ations\u00a0\u00bb<\/span><\/a><\/p>\n","protected":false},"author":1,"featured_media":0,"parent":0,"menu_order":0,"comment_status":"closed","ping_status":"closed","template":"","meta":{"_uag_custom_page_level_css":"","footnotes":""},"class_list":["post-185","page","type-page","status-publish","hentry"],"yoast_head":"<!-- This site is optimized with the Yoast SEO plugin v27.4 - https:\/\/yoast.com\/product\/yoast-seo-wordpress\/ -->\n<title>Autres cr\u00e9ations - galets-malins.com<\/title>\n<meta name=\"robots\" content=\"index, follow, max-snippet:-1, max-image-preview:large, max-video-preview:-1\" \/>\n<link rel=\"canonical\" href=\"https:\/\/galets-malins.com\/index.php\/autres-creations\/\" \/>\n<meta property=\"og:locale\" content=\"fr_FR\" \/>\n<meta property=\"og:type\" content=\"article\" \/>\n<meta property=\"og:title\" content=\"Autres cr\u00e9ations - galets-malins.com\" \/>\n<meta property=\"og:description\" content=\"Toutes mes cr\u00e9ations sont des pi\u00e8ces uniques. Lorsqu&#039;elles sont vendues, elles peuvent faire l&#039;objet d&#039;une nouvelle commande en s\u2019inspirant&nbsp;des th\u00e8mes que vous avez aim\u00e9s, mais je peux \u00e9galement personnaliser tous &hellip; Continue reading &quot;Autres cr\u00e9ations&quot;\" \/>\n<meta property=\"og:url\" content=\"https:\/\/galets-malins.com\/index.php\/autres-creations\/\" \/>\n<meta property=\"og:site_name\" content=\"galets-malins.com\" \/>\n<meta property=\"article:modified_time\" content=\"2023-10-17T18:21:14+00:00\" \/>\n<meta name=\"twitter:card\" content=\"summary_large_image\" \/>\n<script type=\"application\/ld+json\" class=\"yoast-schema-graph\">{\"@context\":\"https:\\\/\\\/schema.org\",\"@graph\":[{\"@type\":\"WebPage\",\"@id\":\"https:\\\/\\\/galets-malins.com\\\/index.php\\\/autres-creations\\\/\",\"url\":\"https:\\\/\\\/galets-malins.com\\\/index.php\\\/autres-creations\\\/\",\"name\":\"Autres cr\u00e9ations - galets-malins.com\",\"isPartOf\":{\"@id\":\"https:\\\/\\\/galets-malins.com\\\/#website\"},\"datePublished\":\"2023-09-18T08:53:42+00:00\",\"dateModified\":\"2023-10-17T18:21:14+00:00\",\"breadcrumb\":{\"@id\":\"https:\\\/\\\/galets-malins.com\\\/index.php\\\/autres-creations\\\/#breadcrumb\"},\"inLanguage\":\"fr-FR\",\"potentialAction\":[{\"@type\":\"ReadAction\",\"target\":[\"https:\\\/\\\/galets-malins.com\\\/index.php\\\/autres-creations\\\/\"]}]},{\"@type\":\"BreadcrumbList\",\"@id\":\"https:\\\/\\\/galets-malins.com\\\/index.php\\\/autres-creations\\\/#breadcrumb\",\"itemListElement\":[{\"@type\":\"ListItem\",\"position\":1,\"name\":\"Accueil\",\"item\":\"https:\\\/\\\/galets-malins.com\\\/\"},{\"@type\":\"ListItem\",\"position\":2,\"name\":\"Autres cr\u00e9ations\"}]},{\"@type\":\"WebSite\",\"@id\":\"https:\\\/\\\/galets-malins.com\\\/#website\",\"url\":\"https:\\\/\\\/galets-malins.com\\\/\",\"name\":\"galets-malins.com\",\"description\":\"Cr\u00e9ations orignales en galets\",\"publisher\":{\"@id\":\"https:\\\/\\\/galets-malins.com\\\/#organization\"},\"potentialAction\":[{\"@type\":\"SearchAction\",\"target\":{\"@type\":\"EntryPoint\",\"urlTemplate\":\"https:\\\/\\\/galets-malins.com\\\/?s={search_term_string}\"},\"query-input\":{\"@type\":\"PropertyValueSpecification\",\"valueRequired\":true,\"valueName\":\"search_term_string\"}}],\"inLanguage\":\"fr-FR\"},{\"@type\":\"Organization\",\"@id\":\"https:\\\/\\\/galets-malins.com\\\/#organization\",\"name\":\"galets-malins.com\",\"url\":\"https:\\\/\\\/galets-malins.com\\\/\",\"logo\":{\"@type\":\"ImageObject\",\"inLanguage\":\"fr-FR\",\"@id\":\"https:\\\/\\\/galets-malins.com\\\/#\\\/schema\\\/logo\\\/image\\\/\",\"url\":\"https:\\\/\\\/galets-malins.com\\\/wp-content\\\/uploads\\\/2023\\\/09\\\/logo-site.png\",\"contentUrl\":\"https:\\\/\\\/galets-malins.com\\\/wp-content\\\/uploads\\\/2023\\\/09\\\/logo-site.png\",\"width\":582,\"height\":303,\"caption\":\"galets-malins.com\"},\"image\":{\"@id\":\"https:\\\/\\\/galets-malins.com\\\/#\\\/schema\\\/logo\\\/image\\\/\"}}]}<\/script>\n<!-- \/ Yoast SEO plugin. -->","yoast_head_json":{"title":"Autres cr\u00e9ations - galets-malins.com","robots":{"index":"index","follow":"follow","max-snippet":"max-snippet:-1","max-image-preview":"max-image-preview:large","max-video-preview":"max-video-preview:-1"},"canonical":"https:\/\/galets-malins.com\/index.php\/autres-creations\/","og_locale":"fr_FR","og_type":"article","og_title":"Autres cr\u00e9ations - galets-malins.com","og_description":"Toutes mes cr\u00e9ations sont des pi\u00e8ces uniques. Lorsqu'elles sont vendues, elles peuvent faire l'objet d'une nouvelle commande en s\u2019inspirant&nbsp;des th\u00e8mes que vous avez aim\u00e9s, mais je peux \u00e9galement personnaliser tous &hellip; Continue reading \"Autres cr\u00e9ations\"","og_url":"https:\/\/galets-malins.com\/index.php\/autres-creations\/","og_site_name":"galets-malins.com","article_modified_time":"2023-10-17T18:21:14+00:00","twitter_card":"summary_large_image","schema":{"@context":"https:\/\/schema.org","@graph":[{"@type":"WebPage","@id":"https:\/\/galets-malins.com\/index.php\/autres-creations\/","url":"https:\/\/galets-malins.com\/index.php\/autres-creations\/","name":"Autres cr\u00e9ations - galets-malins.com","isPartOf":{"@id":"https:\/\/galets-malins.com\/#website"},"datePublished":"2023-09-18T08:53:42+00:00","dateModified":"2023-10-17T18:21:14+00:00","breadcrumb":{"@id":"https:\/\/galets-malins.com\/index.php\/autres-creations\/#breadcrumb"},"inLanguage":"fr-FR","potentialAction":[{"@type":"ReadAction","target":["https:\/\/galets-malins.com\/index.php\/autres-creations\/"]}]},{"@type":"BreadcrumbList","@id":"https:\/\/galets-malins.com\/index.php\/autres-creations\/#breadcrumb","itemListElement":[{"@type":"ListItem","position":1,"name":"Accueil","item":"https:\/\/galets-malins.com\/"},{"@type":"ListItem","position":2,"name":"Autres cr\u00e9ations"}]},{"@type":"WebSite","@id":"https:\/\/galets-malins.com\/#website","url":"https:\/\/galets-malins.com\/","name":"galets-malins.com","description":"Cr\u00e9ations orignales en galets","publisher":{"@id":"https:\/\/galets-malins.com\/#organization"},"potentialAction":[{"@type":"SearchAction","target":{"@type":"EntryPoint","urlTemplate":"https:\/\/galets-malins.com\/?s={search_term_string}"},"query-input":{"@type":"PropertyValueSpecification","valueRequired":true,"valueName":"search_term_string"}}],"inLanguage":"fr-FR"},{"@type":"Organization","@id":"https:\/\/galets-malins.com\/#organization","name":"galets-malins.com","url":"https:\/\/galets-malins.com\/","logo":{"@type":"ImageObject","inLanguage":"fr-FR","@id":"https:\/\/galets-malins.com\/#\/schema\/logo\/image\/","url":"https:\/\/galets-malins.com\/wp-content\/uploads\/2023\/09\/logo-site.png","contentUrl":"https:\/\/galets-malins.com\/wp-content\/uploads\/2023\/09\/logo-site.png","width":582,"height":303,"caption":"galets-malins.com"},"image":{"@id":"https:\/\/galets-malins.com\/#\/schema\/logo\/image\/"}}]}},"uagb_featured_image_src":{"full":false,"thumbnail":false,"medium":false,"medium_large":false,"large":false,"1536x1536":false,"2048x2048":false,"post-thumbnail":false,"woocommerce_thumbnail":false,"woocommerce_single":false,"woocommerce_gallery_thumbnail":false},"uagb_author_info":{"display_name":"galets-malins.com","author_link":"https:\/\/galets-malins.com\/index.php\/author\/galets-malins-com\/"},"uagb_comment_info":0,"uagb_excerpt":"Toutes mes cr\u00e9ations sont des pi\u00e8ces uniques. Lorsqu'elles sont vendues, elles peuvent faire l'objet d'une nouvelle commande en s\u2019inspirant&nbsp;des th\u00e8mes que vous avez aim\u00e9s, mais je peux \u00e9galement personnaliser tous &hellip; Continue reading \"Autres cr\u00e9ations\"","_links":{"self":[{"href":"https:\/\/galets-malins.com\/index.php\/wp-json\/wp\/v2\/pages\/185","targetHints":{"allow":["GET"]}}],"collection":[{"href":"https:\/\/galets-malins.com\/index.php\/wp-json\/wp\/v2\/pages"}],"about":[{"href":"https:\/\/galets-malins.com\/index.php\/wp-json\/wp\/v2\/types\/page"}],"author":[{"embeddable":true,"href":"https:\/\/galets-malins.com\/index.php\/wp-json\/wp\/v2\/users\/1"}],"replies":[{"embeddable":true,"href":"https:\/\/galets-malins.com\/index.php\/wp-json\/wp\/v2\/comments?post=185"}],"version-history":[{"count":8,"href":"https:\/\/galets-malins.com\/index.php\/wp-json\/wp\/v2\/pages\/185\/revisions"}],"predecessor-version":[{"id":604,"href":"https:\/\/galets-malins.com\/index.php\/wp-json\/wp\/v2\/pages\/185\/revisions\/604"}],"wp:attachment":[{"href":"https:\/\/galets-malins.com\/index.php\/wp-json\/wp\/v2\/media?parent=185"}],"curies":[{"name":"wp","href":"https:\/\/api.w.org\/{rel}","templated":true}]}}