{"id":112,"date":"2023-09-17T15:25:08","date_gmt":"2023-09-17T13:25:08","guid":{"rendered":"https:\/\/galets-malins.com\/?post_type=product&#038;p=112"},"modified":"2023-10-20T22:43:56","modified_gmt":"2023-10-20T20:43:56","slug":"jeux-dechecs","status":"publish","type":"product","link":"https:\/\/galets-malins.com\/index.php\/produit\/jeux-dechecs\/","title":{"rendered":"Jeux d&rsquo;Echecs"},"content":{"rendered":"<p>Les jeux d&rsquo;\u00e9chec sont l&rsquo;un des jeux de soci\u00e9t\u00e9 les plus anciens et les plus populaires au monde. Ils sont appr\u00e9ci\u00e9s par des millions de personnes de tous \u00e2ges et de tous horizons. Les \u00e9checs sont un jeu de strat\u00e9gie qui met au d\u00e9fi l&rsquo;intellect et la r\u00e9flexion. Ils peuvent \u00eatre jou\u00e9s \u00e0 diff\u00e9rents niveaux de comp\u00e9tence, ce qui les rend accessibles \u00e0 tous.<\/p>\n<div>\n<p>Le jeu d\u2019\u00e9chec se joue entre 2 adversaires qui d\u00e9placent alternativement des pi\u00e8ces sur un plateau. Le joueur ayant les pi\u00e8ces blanches commence la partie. L\u2019objectif de chaque joueur est de placer le roi adverse sous une attaque, de telle mani\u00e8re que l\u2019adversaire n\u2019ait aucun coup l\u00e9gal. On dit que le joueur qui atteint ce but a \u00ab mat\u00e9 \u00bb le roi adverse et gagn\u00e9 la partie. Laisser son roi sous une attaque, exposer son roi \u00e0 une attaque et aussi prendre le roi adverse n\u2019est pas autoris\u00e9. L\u2019adversaire dont le roi a \u00e9t\u00e9 mat\u00e9 a perdu la partie. Si la position est telle qu\u2019aucun des 2 joueurs n\u2019a la possibilit\u00e9 de mater, la partie est nulle. Le fou se d\u00e9place sur toute case d\u2019une diagonale sur laquelle il se trouve. La tour se d\u00e9place sur toute case de la colonne ou la rang\u00e9e sur laquelle il se trouve. La dame se d\u00e9place sur toute case de la colonne, de la rang\u00e9e ou d\u2019une diagonale sur laquelle elle se trouve. Le cavalier se d\u00e9place sur l\u2019une des cases les plus proches de celles sur laquelle il se trouve, mais pas sur la m\u00eame colonne, rang\u00e9 oui diagonale. Le pion se d\u00e9place sur la case inoccup\u00e9e imm\u00e9diatement devant lui sur la m\u00eame colonne. Bonne chance !!!<\/p>\n<\/div>\n","protected":false},"excerpt":{"rendered":"<p>Jeu d&rsquo;\u00e9chec 20&#215;20 Cm | poids 272 gr<\/p>\n","protected":false},"featured_media":277,"comment_status":"open","ping_status":"closed","template":"","meta":{"_uag_custom_page_level_css":""},"product_brand":[],"product_cat":[21],"product_tag":[],"class_list":{"0":"post-112","1":"product","2":"type-product","3":"status-publish","4":"has-post-thumbnail","6":"product_cat-jeux","8":"first","9":"instock","10":"shipping-taxable","11":"purchasable","12":"product-type-simple"},"yoast_head":"<!-- This site is optimized with the Yoast SEO plugin v27.4 - https:\/\/yoast.com\/product\/yoast-seo-wordpress\/ -->\n<title>Jeux d&#039;Echecs<\/title>\n<meta name=\"description\" content=\"Jeu-d&#039;Echec-Famille-Soci\u00e9t\u00e9-R\u00e9flexion-Amusement-R\u00e9sultat-Enfants-Concentration-\" \/>\n<meta name=\"robots\" content=\"index, follow, max-snippet:-1, max-image-preview:large, max-video-preview:-1\" \/>\n<link rel=\"canonical\" href=\"https:\/\/galets-malins.com\/index.php\/produit\/jeux-dechecs\/\" \/>\n<meta property=\"og:locale\" content=\"fr_FR\" \/>\n<meta property=\"og:type\" content=\"article\" \/>\n<meta property=\"og:title\" content=\"Jeux d&#039;Echecs\" \/>\n<meta property=\"og:description\" content=\"Jeu-d&#039;Echec-Famille-Soci\u00e9t\u00e9-R\u00e9flexion-Amusement-R\u00e9sultat-Enfants-Concentration-\" \/>\n<meta property=\"og:url\" content=\"https:\/\/galets-malins.com\/index.php\/produit\/jeux-dechecs\/\" \/>\n<meta property=\"og:site_name\" content=\"galets-malins.com\" \/>\n<meta property=\"article:modified_time\" content=\"2023-10-20T20:43:56+00:00\" \/>\n<meta property=\"og:image\" content=\"http:\/\/galets-malins.com\/wp-content\/uploads\/2023\/09\/WhatsApp-Image-2023-09-17-a-19.49.03.jpg\" \/>\n\t<meta property=\"og:image:width\" content=\"1368\" \/>\n\t<meta property=\"og:image:height\" content=\"1824\" \/>\n\t<meta property=\"og:image:type\" content=\"image\/jpeg\" \/>\n<meta name=\"twitter:card\" content=\"summary_large_image\" \/>\n<meta name=\"twitter:label1\" content=\"Dur\u00e9e de lecture estim\u00e9e\" \/>\n\t<meta name=\"twitter:data1\" content=\"2 minutes\" \/>\n<script type=\"application\/ld+json\" class=\"yoast-schema-graph\">{\"@context\":\"https:\\\/\\\/schema.org\",\"@graph\":[{\"@type\":\"WebPage\",\"@id\":\"https:\\\/\\\/galets-malins.com\\\/index.php\\\/produit\\\/jeux-dechecs\\\/\",\"url\":\"https:\\\/\\\/galets-malins.com\\\/index.php\\\/produit\\\/jeux-dechecs\\\/\",\"name\":\"Jeux d'Echecs\",\"isPartOf\":{\"@id\":\"https:\\\/\\\/galets-malins.com\\\/#website\"},\"primaryImageOfPage\":{\"@id\":\"https:\\\/\\\/galets-malins.com\\\/index.php\\\/produit\\\/jeux-dechecs\\\/#primaryimage\"},\"image\":{\"@id\":\"https:\\\/\\\/galets-malins.com\\\/index.php\\\/produit\\\/jeux-dechecs\\\/#primaryimage\"},\"thumbnailUrl\":\"https:\\\/\\\/galets-malins.com\\\/wp-content\\\/uploads\\\/2023\\\/09\\\/WhatsApp-Image-2023-09-17-a-19.49.03.jpg\",\"datePublished\":\"2023-09-17T13:25:08+00:00\",\"dateModified\":\"2023-10-20T20:43:56+00:00\",\"description\":\"Jeu-d'Echec-Famille-Soci\u00e9t\u00e9-R\u00e9flexion-Amusement-R\u00e9sultat-Enfants-Concentration-\",\"breadcrumb\":{\"@id\":\"https:\\\/\\\/galets-malins.com\\\/index.php\\\/produit\\\/jeux-dechecs\\\/#breadcrumb\"},\"inLanguage\":\"fr-FR\",\"potentialAction\":[{\"@type\":\"ReadAction\",\"target\":[\"https:\\\/\\\/galets-malins.com\\\/index.php\\\/produit\\\/jeux-dechecs\\\/\"]}]},{\"@type\":\"ImageObject\",\"inLanguage\":\"fr-FR\",\"@id\":\"https:\\\/\\\/galets-malins.com\\\/index.php\\\/produit\\\/jeux-dechecs\\\/#primaryimage\",\"url\":\"https:\\\/\\\/galets-malins.com\\\/wp-content\\\/uploads\\\/2023\\\/09\\\/WhatsApp-Image-2023-09-17-a-19.49.03.jpg\",\"contentUrl\":\"https:\\\/\\\/galets-malins.com\\\/wp-content\\\/uploads\\\/2023\\\/09\\\/WhatsApp-Image-2023-09-17-a-19.49.03.jpg\",\"width\":1368,\"height\":1824},{\"@type\":\"BreadcrumbList\",\"@id\":\"https:\\\/\\\/galets-malins.com\\\/index.php\\\/produit\\\/jeux-dechecs\\\/#breadcrumb\",\"itemListElement\":[{\"@type\":\"ListItem\",\"position\":1,\"name\":\"Accueil\",\"item\":\"https:\\\/\\\/galets-malins.com\\\/\"},{\"@type\":\"ListItem\",\"position\":2,\"name\":\"Boutique\",\"item\":\"https:\\\/\\\/galets-malins.com\\\/index.php\\\/boutique\\\/\"},{\"@type\":\"ListItem\",\"position\":3,\"name\":\"Jeux d&#8217;Echecs\"}]},{\"@type\":\"WebSite\",\"@id\":\"https:\\\/\\\/galets-malins.com\\\/#website\",\"url\":\"https:\\\/\\\/galets-malins.com\\\/\",\"name\":\"galets-malins.com\",\"description\":\"Cr\u00e9ations orignales en galets\",\"publisher\":{\"@id\":\"https:\\\/\\\/galets-malins.com\\\/#organization\"},\"potentialAction\":[{\"@type\":\"SearchAction\",\"target\":{\"@type\":\"EntryPoint\",\"urlTemplate\":\"https:\\\/\\\/galets-malins.com\\\/?s={search_term_string}\"},\"query-input\":{\"@type\":\"PropertyValueSpecification\",\"valueRequired\":true,\"valueName\":\"search_term_string\"}}],\"inLanguage\":\"fr-FR\"},{\"@type\":\"Organization\",\"@id\":\"https:\\\/\\\/galets-malins.com\\\/#organization\",\"name\":\"galets-malins.com\",\"url\":\"https:\\\/\\\/galets-malins.com\\\/\",\"logo\":{\"@type\":\"ImageObject\",\"inLanguage\":\"fr-FR\",\"@id\":\"https:\\\/\\\/galets-malins.com\\\/#\\\/schema\\\/logo\\\/image\\\/\",\"url\":\"https:\\\/\\\/galets-malins.com\\\/wp-content\\\/uploads\\\/2023\\\/09\\\/logo-site.png\",\"contentUrl\":\"https:\\\/\\\/galets-malins.com\\\/wp-content\\\/uploads\\\/2023\\\/09\\\/logo-site.png\",\"width\":582,\"height\":303,\"caption\":\"galets-malins.com\"},\"image\":{\"@id\":\"https:\\\/\\\/galets-malins.com\\\/#\\\/schema\\\/logo\\\/image\\\/\"}}]}<\/script>\n<!-- \/ Yoast SEO plugin. -->","yoast_head_json":{"title":"Jeux d'Echecs","description":"Jeu-d'Echec-Famille-Soci\u00e9t\u00e9-R\u00e9flexion-Amusement-R\u00e9sultat-Enfants-Concentration-","robots":{"index":"index","follow":"follow","max-snippet":"max-snippet:-1","max-image-preview":"max-image-preview:large","max-video-preview":"max-video-preview:-1"},"canonical":"https:\/\/galets-malins.com\/index.php\/produit\/jeux-dechecs\/","og_locale":"fr_FR","og_type":"article","og_title":"Jeux d'Echecs","og_description":"Jeu-d'Echec-Famille-Soci\u00e9t\u00e9-R\u00e9flexion-Amusement-R\u00e9sultat-Enfants-Concentration-","og_url":"https:\/\/galets-malins.com\/index.php\/produit\/jeux-dechecs\/","og_site_name":"galets-malins.com","article_modified_time":"2023-10-20T20:43:56+00:00","og_image":[{"width":1368,"height":1824,"url":"http:\/\/galets-malins.com\/wp-content\/uploads\/2023\/09\/WhatsApp-Image-2023-09-17-a-19.49.03.jpg","type":"image\/jpeg"}],"twitter_card":"summary_large_image","twitter_misc":{"Dur\u00e9e de lecture estim\u00e9e":"2 minutes"},"schema":{"@context":"https:\/\/schema.org","@graph":[{"@type":"WebPage","@id":"https:\/\/galets-malins.com\/index.php\/produit\/jeux-dechecs\/","url":"https:\/\/galets-malins.com\/index.php\/produit\/jeux-dechecs\/","name":"Jeux d'Echecs","isPartOf":{"@id":"https:\/\/galets-malins.com\/#website"},"primaryImageOfPage":{"@id":"https:\/\/galets-malins.com\/index.php\/produit\/jeux-dechecs\/#primaryimage"},"image":{"@id":"https:\/\/galets-malins.com\/index.php\/produit\/jeux-dechecs\/#primaryimage"},"thumbnailUrl":"https:\/\/galets-malins.com\/wp-content\/uploads\/2023\/09\/WhatsApp-Image-2023-09-17-a-19.49.03.jpg","datePublished":"2023-09-17T13:25:08+00:00","dateModified":"2023-10-20T20:43:56+00:00","description":"Jeu-d'Echec-Famille-Soci\u00e9t\u00e9-R\u00e9flexion-Amusement-R\u00e9sultat-Enfants-Concentration-","breadcrumb":{"@id":"https:\/\/galets-malins.com\/index.php\/produit\/jeux-dechecs\/#breadcrumb"},"inLanguage":"fr-FR","potentialAction":[{"@type":"ReadAction","target":["https:\/\/galets-malins.com\/index.php\/produit\/jeux-dechecs\/"]}]},{"@type":"ImageObject","inLanguage":"fr-FR","@id":"https:\/\/galets-malins.com\/index.php\/produit\/jeux-dechecs\/#primaryimage","url":"https:\/\/galets-malins.com\/wp-content\/uploads\/2023\/09\/WhatsApp-Image-2023-09-17-a-19.49.03.jpg","contentUrl":"https:\/\/galets-malins.com\/wp-content\/uploads\/2023\/09\/WhatsApp-Image-2023-09-17-a-19.49.03.jpg","width":1368,"height":1824},{"@type":"BreadcrumbList","@id":"https:\/\/galets-malins.com\/index.php\/produit\/jeux-dechecs\/#breadcrumb","itemListElement":[{"@type":"ListItem","position":1,"name":"Accueil","item":"https:\/\/galets-malins.com\/"},{"@type":"ListItem","position":2,"name":"Boutique","item":"https:\/\/galets-malins.com\/index.php\/boutique\/"},{"@type":"ListItem","position":3,"name":"Jeux d&#8217;Echecs"}]},{"@type":"WebSite","@id":"https:\/\/galets-malins.com\/#website","url":"https:\/\/galets-malins.com\/","name":"galets-malins.com","description":"Cr\u00e9ations orignales en galets","publisher":{"@id":"https:\/\/galets-malins.com\/#organization"},"potentialAction":[{"@type":"SearchAction","target":{"@type":"EntryPoint","urlTemplate":"https:\/\/galets-malins.com\/?s={search_term_string}"},"query-input":{"@type":"PropertyValueSpecification","valueRequired":true,"valueName":"search_term_string"}}],"inLanguage":"fr-FR"},{"@type":"Organization","@id":"https:\/\/galets-malins.com\/#organization","name":"galets-malins.com","url":"https:\/\/galets-malins.com\/","logo":{"@type":"ImageObject","inLanguage":"fr-FR","@id":"https:\/\/galets-malins.com\/#\/schema\/logo\/image\/","url":"https:\/\/galets-malins.com\/wp-content\/uploads\/2023\/09\/logo-site.png","contentUrl":"https:\/\/galets-malins.com\/wp-content\/uploads\/2023\/09\/logo-site.png","width":582,"height":303,"caption":"galets-malins.com"},"image":{"@id":"https:\/\/galets-malins.com\/#\/schema\/logo\/image\/"}}]}},"uagb_featured_image_src":{"full":["https:\/\/galets-malins.com\/wp-content\/uploads\/2023\/09\/WhatsApp-Image-2023-09-17-a-19.49.03.jpg",1368,1824,false],"thumbnail":["https:\/\/galets-malins.com\/wp-content\/uploads\/2023\/09\/WhatsApp-Image-2023-09-17-a-19.49.03-150x150.jpg",150,150,true],"medium":["https:\/\/galets-malins.com\/wp-content\/uploads\/2023\/09\/WhatsApp-Image-2023-09-17-a-19.49.03-225x300.jpg",225,300,true],"medium_large":["https:\/\/galets-malins.com\/wp-content\/uploads\/2023\/09\/WhatsApp-Image-2023-09-17-a-19.49.03-768x1024.jpg",768,1024,true],"large":["https:\/\/galets-malins.com\/wp-content\/uploads\/2023\/09\/WhatsApp-Image-2023-09-17-a-19.49.03-768x1024.jpg",768,1024,true],"1536x1536":["https:\/\/galets-malins.com\/wp-content\/uploads\/2023\/09\/WhatsApp-Image-2023-09-17-a-19.49.03-1152x1536.jpg",1152,1536,true],"2048x2048":["https:\/\/galets-malins.com\/wp-content\/uploads\/2023\/09\/WhatsApp-Image-2023-09-17-a-19.49.03.jpg",1368,1824,false],"post-thumbnail":["https:\/\/galets-malins.com\/wp-content\/uploads\/2023\/09\/WhatsApp-Image-2023-09-17-a-19.49.03-1200x1600.jpg",1200,1600,true],"woocommerce_thumbnail":["https:\/\/galets-malins.com\/wp-content\/uploads\/2023\/09\/WhatsApp-Image-2023-09-17-a-19.49.03-400x400.jpg",400,400,true],"woocommerce_single":["https:\/\/galets-malins.com\/wp-content\/uploads\/2023\/09\/WhatsApp-Image-2023-09-17-a-19.49.03-800x1067.jpg",800,1067,true],"woocommerce_gallery_thumbnail":["https:\/\/galets-malins.com\/wp-content\/uploads\/2023\/09\/WhatsApp-Image-2023-09-17-a-19.49.03-100x100.jpg",100,100,true]},"uagb_author_info":{"display_name":"galets-malins.com","author_link":"https:\/\/galets-malins.com\/index.php\/author\/"},"uagb_comment_info":0,"uagb_excerpt":"Jeu d'\u00e9chec 20x20 Cm | poids 272 gr","_links":{"self":[{"href":"https:\/\/galets-malins.com\/index.php\/wp-json\/wp\/v2\/product\/112","targetHints":{"allow":["GET"]}}],"collection":[{"href":"https:\/\/galets-malins.com\/index.php\/wp-json\/wp\/v2\/product"}],"about":[{"href":"https:\/\/galets-malins.com\/index.php\/wp-json\/wp\/v2\/types\/product"}],"replies":[{"embeddable":true,"href":"https:\/\/galets-malins.com\/index.php\/wp-json\/wp\/v2\/comments?post=112"}],"wp:featuredmedia":[{"embeddable":true,"href":"https:\/\/galets-malins.com\/index.php\/wp-json\/wp\/v2\/media\/277"}],"wp:attachment":[{"href":"https:\/\/galets-malins.com\/index.php\/wp-json\/wp\/v2\/media?parent=112"}],"wp:term":[{"taxonomy":"product_brand","embeddable":true,"href":"https:\/\/galets-malins.com\/index.php\/wp-json\/wp\/v2\/product_brand?post=112"},{"taxonomy":"product_cat","embeddable":true,"href":"https:\/\/galets-malins.com\/index.php\/wp-json\/wp\/v2\/product_cat?post=112"},{"taxonomy":"product_tag","embeddable":true,"href":"https:\/\/galets-malins.com\/index.php\/wp-json\/wp\/v2\/product_tag?post=112"}],"curies":[{"name":"wp","href":"https:\/\/api.w.org\/{rel}","templated":true}]}}