{"id":118,"date":"2023-09-17T15:35:03","date_gmt":"2023-09-17T13:35:03","guid":{"rendered":"https:\/\/galets-malins.com\/?post_type=product&#038;p=118"},"modified":"2023-10-12T11:28:46","modified_gmt":"2023-10-12T09:28:46","slug":"jeu-de-domino","status":"publish","type":"product","link":"https:\/\/galets-malins.com\/index.php\/produit\/jeu-de-domino\/","title":{"rendered":"Jeu de domino"},"content":{"rendered":"<p>Jeu de Domino\u2026.<\/p>\n<div>\n<p>Equipement : 28 galets &amp; 1 pochette en tissus<\/p>\n<\/div>\n<p>Pour gagner la partie, il suffit d&rsquo;\u00eatre le 1er joueur \u00e0 avoir pos\u00e9 tous ses dominos.<\/p>\n<p>&nbsp;<\/p>\n<p>Alors le joueur ayant le moins de points est d\u00e9clar\u00e9 vainqueur .<\/p>\n<p>Bonne chance !!!<\/p>\n","protected":false},"excerpt":{"rendered":"<div>\n<p>R\u00e9f : D001 Poids 480 gr<\/p>\n<div>\n<p>Equipement : 28 galets &amp; 1 pochette en tissus<\/p>\n<\/div>\n<\/div>\n","protected":false},"featured_media":541,"comment_status":"open","ping_status":"closed","template":"","meta":{"_uag_custom_page_level_css":""},"product_brand":[],"product_cat":[21],"product_tag":[],"class_list":{"0":"post-118","1":"product","2":"type-product","3":"status-publish","4":"has-post-thumbnail","6":"product_cat-jeux","8":"first","9":"instock","10":"shipping-taxable","11":"purchasable","12":"product-type-simple"},"yoast_head":"<!-- This site is optimized with the Yoast SEO plugin v27.4 - https:\/\/yoast.com\/product\/yoast-seo-wordpress\/ -->\n<title>Jeu de domino<\/title>\n<meta name=\"description\" content=\"Jeu-de-domino-r\u00e9flexion-enfants-famille-partage-\" \/>\n<meta name=\"robots\" content=\"index, follow, max-snippet:-1, max-image-preview:large, max-video-preview:-1\" \/>\n<link rel=\"canonical\" href=\"https:\/\/galets-malins.com\/index.php\/produit\/jeu-de-domino\/\" \/>\n<meta property=\"og:locale\" content=\"fr_FR\" \/>\n<meta property=\"og:type\" content=\"article\" \/>\n<meta property=\"og:title\" content=\"Jeu de domino\" \/>\n<meta property=\"og:description\" content=\"Jeu-de-domino-r\u00e9flexion-enfants-famille-partage-\" \/>\n<meta property=\"og:url\" content=\"https:\/\/galets-malins.com\/index.php\/produit\/jeu-de-domino\/\" \/>\n<meta property=\"og:site_name\" content=\"galets-malins.com\" \/>\n<meta property=\"article:modified_time\" content=\"2023-10-12T09:28:46+00:00\" \/>\n<meta property=\"og:image\" content=\"http:\/\/galets-malins.com\/wp-content\/uploads\/2023\/09\/Screenshot-2023-09-14-at-15-57-47-Projet-1.png\" \/>\n\t<meta property=\"og:image:width\" content=\"1291\" \/>\n\t<meta property=\"og:image:height\" content=\"905\" \/>\n\t<meta property=\"og:image:type\" content=\"image\/png\" \/>\n<meta name=\"twitter:card\" content=\"summary_large_image\" \/>\n<meta name=\"twitter:label1\" content=\"Dur\u00e9e de lecture estim\u00e9e\" \/>\n\t<meta name=\"twitter:data1\" content=\"1 minute\" \/>\n<script type=\"application\/ld+json\" class=\"yoast-schema-graph\">{\"@context\":\"https:\\\/\\\/schema.org\",\"@graph\":[{\"@type\":\"WebPage\",\"@id\":\"https:\\\/\\\/galets-malins.com\\\/index.php\\\/produit\\\/jeu-de-domino\\\/\",\"url\":\"https:\\\/\\\/galets-malins.com\\\/index.php\\\/produit\\\/jeu-de-domino\\\/\",\"name\":\"Jeu de domino\",\"isPartOf\":{\"@id\":\"https:\\\/\\\/galets-malins.com\\\/#website\"},\"primaryImageOfPage\":{\"@id\":\"https:\\\/\\\/galets-malins.com\\\/index.php\\\/produit\\\/jeu-de-domino\\\/#primaryimage\"},\"image\":{\"@id\":\"https:\\\/\\\/galets-malins.com\\\/index.php\\\/produit\\\/jeu-de-domino\\\/#primaryimage\"},\"thumbnailUrl\":\"https:\\\/\\\/galets-malins.com\\\/wp-content\\\/uploads\\\/2023\\\/09\\\/Screenshot-2023-09-14-at-15-57-47-Projet-1.png\",\"datePublished\":\"2023-09-17T13:35:03+00:00\",\"dateModified\":\"2023-10-12T09:28:46+00:00\",\"description\":\"Jeu-de-domino-r\u00e9flexion-enfants-famille-partage-\",\"breadcrumb\":{\"@id\":\"https:\\\/\\\/galets-malins.com\\\/index.php\\\/produit\\\/jeu-de-domino\\\/#breadcrumb\"},\"inLanguage\":\"fr-FR\",\"potentialAction\":[{\"@type\":\"ReadAction\",\"target\":[\"https:\\\/\\\/galets-malins.com\\\/index.php\\\/produit\\\/jeu-de-domino\\\/\"]}]},{\"@type\":\"ImageObject\",\"inLanguage\":\"fr-FR\",\"@id\":\"https:\\\/\\\/galets-malins.com\\\/index.php\\\/produit\\\/jeu-de-domino\\\/#primaryimage\",\"url\":\"https:\\\/\\\/galets-malins.com\\\/wp-content\\\/uploads\\\/2023\\\/09\\\/Screenshot-2023-09-14-at-15-57-47-Projet-1.png\",\"contentUrl\":\"https:\\\/\\\/galets-malins.com\\\/wp-content\\\/uploads\\\/2023\\\/09\\\/Screenshot-2023-09-14-at-15-57-47-Projet-1.png\",\"width\":1291,\"height\":905},{\"@type\":\"BreadcrumbList\",\"@id\":\"https:\\\/\\\/galets-malins.com\\\/index.php\\\/produit\\\/jeu-de-domino\\\/#breadcrumb\",\"itemListElement\":[{\"@type\":\"ListItem\",\"position\":1,\"name\":\"Accueil\",\"item\":\"https:\\\/\\\/galets-malins.com\\\/\"},{\"@type\":\"ListItem\",\"position\":2,\"name\":\"Boutique\",\"item\":\"https:\\\/\\\/galets-malins.com\\\/index.php\\\/boutique\\\/\"},{\"@type\":\"ListItem\",\"position\":3,\"name\":\"Jeu de domino\"}]},{\"@type\":\"WebSite\",\"@id\":\"https:\\\/\\\/galets-malins.com\\\/#website\",\"url\":\"https:\\\/\\\/galets-malins.com\\\/\",\"name\":\"galets-malins.com\",\"description\":\"Cr\u00e9ations orignales en galets\",\"publisher\":{\"@id\":\"https:\\\/\\\/galets-malins.com\\\/#organization\"},\"potentialAction\":[{\"@type\":\"SearchAction\",\"target\":{\"@type\":\"EntryPoint\",\"urlTemplate\":\"https:\\\/\\\/galets-malins.com\\\/?s={search_term_string}\"},\"query-input\":{\"@type\":\"PropertyValueSpecification\",\"valueRequired\":true,\"valueName\":\"search_term_string\"}}],\"inLanguage\":\"fr-FR\"},{\"@type\":\"Organization\",\"@id\":\"https:\\\/\\\/galets-malins.com\\\/#organization\",\"name\":\"galets-malins.com\",\"url\":\"https:\\\/\\\/galets-malins.com\\\/\",\"logo\":{\"@type\":\"ImageObject\",\"inLanguage\":\"fr-FR\",\"@id\":\"https:\\\/\\\/galets-malins.com\\\/#\\\/schema\\\/logo\\\/image\\\/\",\"url\":\"https:\\\/\\\/galets-malins.com\\\/wp-content\\\/uploads\\\/2023\\\/09\\\/logo-site.png\",\"contentUrl\":\"https:\\\/\\\/galets-malins.com\\\/wp-content\\\/uploads\\\/2023\\\/09\\\/logo-site.png\",\"width\":582,\"height\":303,\"caption\":\"galets-malins.com\"},\"image\":{\"@id\":\"https:\\\/\\\/galets-malins.com\\\/#\\\/schema\\\/logo\\\/image\\\/\"}}]}<\/script>\n<!-- \/ Yoast SEO plugin. -->","yoast_head_json":{"title":"Jeu de domino","description":"Jeu-de-domino-r\u00e9flexion-enfants-famille-partage-","robots":{"index":"index","follow":"follow","max-snippet":"max-snippet:-1","max-image-preview":"max-image-preview:large","max-video-preview":"max-video-preview:-1"},"canonical":"https:\/\/galets-malins.com\/index.php\/produit\/jeu-de-domino\/","og_locale":"fr_FR","og_type":"article","og_title":"Jeu de domino","og_description":"Jeu-de-domino-r\u00e9flexion-enfants-famille-partage-","og_url":"https:\/\/galets-malins.com\/index.php\/produit\/jeu-de-domino\/","og_site_name":"galets-malins.com","article_modified_time":"2023-10-12T09:28:46+00:00","og_image":[{"width":1291,"height":905,"url":"http:\/\/galets-malins.com\/wp-content\/uploads\/2023\/09\/Screenshot-2023-09-14-at-15-57-47-Projet-1.png","type":"image\/png"}],"twitter_card":"summary_large_image","twitter_misc":{"Dur\u00e9e de lecture estim\u00e9e":"1 minute"},"schema":{"@context":"https:\/\/schema.org","@graph":[{"@type":"WebPage","@id":"https:\/\/galets-malins.com\/index.php\/produit\/jeu-de-domino\/","url":"https:\/\/galets-malins.com\/index.php\/produit\/jeu-de-domino\/","name":"Jeu de domino","isPartOf":{"@id":"https:\/\/galets-malins.com\/#website"},"primaryImageOfPage":{"@id":"https:\/\/galets-malins.com\/index.php\/produit\/jeu-de-domino\/#primaryimage"},"image":{"@id":"https:\/\/galets-malins.com\/index.php\/produit\/jeu-de-domino\/#primaryimage"},"thumbnailUrl":"https:\/\/galets-malins.com\/wp-content\/uploads\/2023\/09\/Screenshot-2023-09-14-at-15-57-47-Projet-1.png","datePublished":"2023-09-17T13:35:03+00:00","dateModified":"2023-10-12T09:28:46+00:00","description":"Jeu-de-domino-r\u00e9flexion-enfants-famille-partage-","breadcrumb":{"@id":"https:\/\/galets-malins.com\/index.php\/produit\/jeu-de-domino\/#breadcrumb"},"inLanguage":"fr-FR","potentialAction":[{"@type":"ReadAction","target":["https:\/\/galets-malins.com\/index.php\/produit\/jeu-de-domino\/"]}]},{"@type":"ImageObject","inLanguage":"fr-FR","@id":"https:\/\/galets-malins.com\/index.php\/produit\/jeu-de-domino\/#primaryimage","url":"https:\/\/galets-malins.com\/wp-content\/uploads\/2023\/09\/Screenshot-2023-09-14-at-15-57-47-Projet-1.png","contentUrl":"https:\/\/galets-malins.com\/wp-content\/uploads\/2023\/09\/Screenshot-2023-09-14-at-15-57-47-Projet-1.png","width":1291,"height":905},{"@type":"BreadcrumbList","@id":"https:\/\/galets-malins.com\/index.php\/produit\/jeu-de-domino\/#breadcrumb","itemListElement":[{"@type":"ListItem","position":1,"name":"Accueil","item":"https:\/\/galets-malins.com\/"},{"@type":"ListItem","position":2,"name":"Boutique","item":"https:\/\/galets-malins.com\/index.php\/boutique\/"},{"@type":"ListItem","position":3,"name":"Jeu de domino"}]},{"@type":"WebSite","@id":"https:\/\/galets-malins.com\/#website","url":"https:\/\/galets-malins.com\/","name":"galets-malins.com","description":"Cr\u00e9ations orignales en galets","publisher":{"@id":"https:\/\/galets-malins.com\/#organization"},"potentialAction":[{"@type":"SearchAction","target":{"@type":"EntryPoint","urlTemplate":"https:\/\/galets-malins.com\/?s={search_term_string}"},"query-input":{"@type":"PropertyValueSpecification","valueRequired":true,"valueName":"search_term_string"}}],"inLanguage":"fr-FR"},{"@type":"Organization","@id":"https:\/\/galets-malins.com\/#organization","name":"galets-malins.com","url":"https:\/\/galets-malins.com\/","logo":{"@type":"ImageObject","inLanguage":"fr-FR","@id":"https:\/\/galets-malins.com\/#\/schema\/logo\/image\/","url":"https:\/\/galets-malins.com\/wp-content\/uploads\/2023\/09\/logo-site.png","contentUrl":"https:\/\/galets-malins.com\/wp-content\/uploads\/2023\/09\/logo-site.png","width":582,"height":303,"caption":"galets-malins.com"},"image":{"@id":"https:\/\/galets-malins.com\/#\/schema\/logo\/image\/"}}]}},"uagb_featured_image_src":{"full":["https:\/\/galets-malins.com\/wp-content\/uploads\/2023\/09\/Screenshot-2023-09-14-at-15-57-47-Projet-1.png",1291,905,false],"thumbnail":["https:\/\/galets-malins.com\/wp-content\/uploads\/2023\/09\/Screenshot-2023-09-14-at-15-57-47-Projet-1-150x150.png",150,150,true],"medium":["https:\/\/galets-malins.com\/wp-content\/uploads\/2023\/09\/Screenshot-2023-09-14-at-15-57-47-Projet-1-300x210.png",300,210,true],"medium_large":["https:\/\/galets-malins.com\/wp-content\/uploads\/2023\/09\/Screenshot-2023-09-14-at-15-57-47-Projet-1-768x538.png",768,538,true],"large":["https:\/\/galets-malins.com\/wp-content\/uploads\/2023\/09\/Screenshot-2023-09-14-at-15-57-47-Projet-1-1024x718.png",1024,718,true],"1536x1536":["https:\/\/galets-malins.com\/wp-content\/uploads\/2023\/09\/Screenshot-2023-09-14-at-15-57-47-Projet-1.png",1291,905,false],"2048x2048":["https:\/\/galets-malins.com\/wp-content\/uploads\/2023\/09\/Screenshot-2023-09-14-at-15-57-47-Projet-1.png",1291,905,false],"post-thumbnail":["https:\/\/galets-malins.com\/wp-content\/uploads\/2023\/09\/Screenshot-2023-09-14-at-15-57-47-Projet-1-1200x841.png",1200,841,true],"woocommerce_thumbnail":["https:\/\/galets-malins.com\/wp-content\/uploads\/2023\/09\/Screenshot-2023-09-14-at-15-57-47-Projet-1-400x400.png",400,400,true],"woocommerce_single":["https:\/\/galets-malins.com\/wp-content\/uploads\/2023\/09\/Screenshot-2023-09-14-at-15-57-47-Projet-1-800x561.png",800,561,true],"woocommerce_gallery_thumbnail":["https:\/\/galets-malins.com\/wp-content\/uploads\/2023\/09\/Screenshot-2023-09-14-at-15-57-47-Projet-1-100x100.png",100,100,true]},"uagb_author_info":{"display_name":"galets-malins.com","author_link":"https:\/\/galets-malins.com\/index.php\/author\/"},"uagb_comment_info":0,"uagb_excerpt":"R\u00e9f : D001 Poids 480 gr Equipement : 28 galets &amp; 1 pochette en tissus","_links":{"self":[{"href":"https:\/\/galets-malins.com\/index.php\/wp-json\/wp\/v2\/product\/118","targetHints":{"allow":["GET"]}}],"collection":[{"href":"https:\/\/galets-malins.com\/index.php\/wp-json\/wp\/v2\/product"}],"about":[{"href":"https:\/\/galets-malins.com\/index.php\/wp-json\/wp\/v2\/types\/product"}],"replies":[{"embeddable":true,"href":"https:\/\/galets-malins.com\/index.php\/wp-json\/wp\/v2\/comments?post=118"}],"wp:featuredmedia":[{"embeddable":true,"href":"https:\/\/galets-malins.com\/index.php\/wp-json\/wp\/v2\/media\/541"}],"wp:attachment":[{"href":"https:\/\/galets-malins.com\/index.php\/wp-json\/wp\/v2\/media?parent=118"}],"wp:term":[{"taxonomy":"product_brand","embeddable":true,"href":"https:\/\/galets-malins.com\/index.php\/wp-json\/wp\/v2\/product_brand?post=118"},{"taxonomy":"product_cat","embeddable":true,"href":"https:\/\/galets-malins.com\/index.php\/wp-json\/wp\/v2\/product_cat?post=118"},{"taxonomy":"product_tag","embeddable":true,"href":"https:\/\/galets-malins.com\/index.php\/wp-json\/wp\/v2\/product_tag?post=118"}],"curies":[{"name":"wp","href":"https:\/\/api.w.org\/{rel}","templated":true}]}}