{"id":121,"date":"2023-09-17T15:38:06","date_gmt":"2023-09-17T13:38:06","guid":{"rendered":"https:\/\/galets-malins.com\/?post_type=product&#038;p=121"},"modified":"2023-10-31T18:56:58","modified_gmt":"2023-10-31T17:56:58","slug":"jeu-du-sudoku","status":"publish","type":"product","link":"https:\/\/galets-malins.com\/index.php\/produit\/jeu-du-sudoku\/","title":{"rendered":"Jeu du SUDOKU"},"content":{"rendered":"<div>\n<p>L&rsquo;Objectif du joueur est de placer tout les galet les sur diff\u00e9rentes cases. Sudoku est jou\u00e9 sur une grille de 9&#215;9 espaces. Les lignes et les colonnes sont compos\u00e9es de 9 carr\u00e9s (compos\u00e9es de 9 cases) Chaque rang\u00e9e, colonne et carr\u00e9 ( 9 espace chacun) doit \u00eatre rempli avec les num\u00e9ros de 1 \u00e0 9 sans r\u00e9p\u00e9ter aucun nombre dans la rang\u00e9e, la colonne ou m\u00eame dans les 9 cases. \u00c7a \u00e0 l&rsquo;aire compliqu\u00e9??? Non il faut juste r\u00e9fl\u00e9chir&#8230;&#8230; Niveau facile Bonne chance !!<\/p>\n<\/div>\n","protected":false},"excerpt":{"rendered":"<div>\n<p>R\u00e9f : SUD001 Dimension 31x31cm Poids: 425gr<\/p>\n<div>\n<p>Equipement : 38 galets &amp; 1 plateau en tissu<\/p>\n<\/div>\n<\/div>\n","protected":false},"featured_media":396,"comment_status":"open","ping_status":"closed","template":"","meta":{"_uag_custom_page_level_css":""},"product_brand":[],"product_cat":[21],"product_tag":[],"class_list":{"0":"post-121","1":"product","2":"type-product","3":"status-publish","4":"has-post-thumbnail","6":"product_cat-jeux","8":"first","9":"instock","10":"shipping-taxable","11":"purchasable","12":"product-type-simple"},"yoast_head":"<!-- This site is optimized with the Yoast SEO plugin v27.4 - https:\/\/yoast.com\/product\/yoast-seo-wordpress\/ -->\n<title>Jeu du SUDOKU<\/title>\n<meta name=\"description\" content=\"38 galets &amp; 1 plateau en tissu Jeu de Sudoku en galets naturels, R\u00e9f : SUD001 Dimension 31x31cm Poids: 425grEquipement :\" \/>\n<meta name=\"robots\" content=\"index, follow, max-snippet:-1, max-image-preview:large, max-video-preview:-1\" \/>\n<link rel=\"canonical\" href=\"https:\/\/galets-malins.com\/index.php\/produit\/jeu-du-sudoku\/\" \/>\n<meta property=\"og:locale\" content=\"fr_FR\" \/>\n<meta property=\"og:type\" content=\"article\" \/>\n<meta property=\"og:title\" content=\"Jeu du SUDOKU\" \/>\n<meta property=\"og:description\" content=\"38 galets &amp; 1 plateau en tissu Jeu de Sudoku en galets naturels, R\u00e9f : SUD001 Dimension 31x31cm Poids: 425grEquipement :\" \/>\n<meta property=\"og:url\" content=\"https:\/\/galets-malins.com\/index.php\/produit\/jeu-du-sudoku\/\" \/>\n<meta property=\"og:site_name\" content=\"galets-malins.com\" \/>\n<meta property=\"article:modified_time\" content=\"2023-10-31T17:56:58+00:00\" \/>\n<meta property=\"og:image\" content=\"http:\/\/galets-malins.com\/wp-content\/uploads\/2023\/09\/Jeu-de-sudoku-famille-societe-reflextion-amusement-resultat-chiffres-enfants.jpg\" \/>\n\t<meta property=\"og:image:width\" content=\"800\" \/>\n\t<meta property=\"og:image:height\" content=\"800\" \/>\n\t<meta property=\"og:image:type\" content=\"image\/jpeg\" \/>\n<meta name=\"twitter:card\" content=\"summary_large_image\" \/>\n<meta name=\"twitter:label1\" content=\"Dur\u00e9e de lecture estim\u00e9e\" \/>\n\t<meta name=\"twitter:data1\" content=\"1 minute\" \/>\n<script type=\"application\/ld+json\" class=\"yoast-schema-graph\">{\"@context\":\"https:\\\/\\\/schema.org\",\"@graph\":[{\"@type\":\"WebPage\",\"@id\":\"https:\\\/\\\/galets-malins.com\\\/index.php\\\/produit\\\/jeu-du-sudoku\\\/\",\"url\":\"https:\\\/\\\/galets-malins.com\\\/index.php\\\/produit\\\/jeu-du-sudoku\\\/\",\"name\":\"Jeu du SUDOKU\",\"isPartOf\":{\"@id\":\"https:\\\/\\\/galets-malins.com\\\/#website\"},\"primaryImageOfPage\":{\"@id\":\"https:\\\/\\\/galets-malins.com\\\/index.php\\\/produit\\\/jeu-du-sudoku\\\/#primaryimage\"},\"image\":{\"@id\":\"https:\\\/\\\/galets-malins.com\\\/index.php\\\/produit\\\/jeu-du-sudoku\\\/#primaryimage\"},\"thumbnailUrl\":\"https:\\\/\\\/galets-malins.com\\\/wp-content\\\/uploads\\\/2023\\\/09\\\/Jeu-de-sudoku-famille-societe-reflextion-amusement-resultat-chiffres-enfants.jpg\",\"datePublished\":\"2023-09-17T13:38:06+00:00\",\"dateModified\":\"2023-10-31T17:56:58+00:00\",\"description\":\"38 galets & 1 plateau en tissu Jeu de Sudoku en galets naturels, R\u00e9f : SUD001 Dimension 31x31cm Poids: 425grEquipement :\",\"breadcrumb\":{\"@id\":\"https:\\\/\\\/galets-malins.com\\\/index.php\\\/produit\\\/jeu-du-sudoku\\\/#breadcrumb\"},\"inLanguage\":\"fr-FR\",\"potentialAction\":[{\"@type\":\"ReadAction\",\"target\":[\"https:\\\/\\\/galets-malins.com\\\/index.php\\\/produit\\\/jeu-du-sudoku\\\/\"]}]},{\"@type\":\"ImageObject\",\"inLanguage\":\"fr-FR\",\"@id\":\"https:\\\/\\\/galets-malins.com\\\/index.php\\\/produit\\\/jeu-du-sudoku\\\/#primaryimage\",\"url\":\"https:\\\/\\\/galets-malins.com\\\/wp-content\\\/uploads\\\/2023\\\/09\\\/Jeu-de-sudoku-famille-societe-reflextion-amusement-resultat-chiffres-enfants.jpg\",\"contentUrl\":\"https:\\\/\\\/galets-malins.com\\\/wp-content\\\/uploads\\\/2023\\\/09\\\/Jeu-de-sudoku-famille-societe-reflextion-amusement-resultat-chiffres-enfants.jpg\",\"width\":800,\"height\":800},{\"@type\":\"BreadcrumbList\",\"@id\":\"https:\\\/\\\/galets-malins.com\\\/index.php\\\/produit\\\/jeu-du-sudoku\\\/#breadcrumb\",\"itemListElement\":[{\"@type\":\"ListItem\",\"position\":1,\"name\":\"Accueil\",\"item\":\"https:\\\/\\\/galets-malins.com\\\/\"},{\"@type\":\"ListItem\",\"position\":2,\"name\":\"Boutique\",\"item\":\"https:\\\/\\\/galets-malins.com\\\/index.php\\\/boutique\\\/\"},{\"@type\":\"ListItem\",\"position\":3,\"name\":\"Jeu du SUDOKU\"}]},{\"@type\":\"WebSite\",\"@id\":\"https:\\\/\\\/galets-malins.com\\\/#website\",\"url\":\"https:\\\/\\\/galets-malins.com\\\/\",\"name\":\"galets-malins.com\",\"description\":\"Cr\u00e9ations orignales en galets\",\"publisher\":{\"@id\":\"https:\\\/\\\/galets-malins.com\\\/#organization\"},\"potentialAction\":[{\"@type\":\"SearchAction\",\"target\":{\"@type\":\"EntryPoint\",\"urlTemplate\":\"https:\\\/\\\/galets-malins.com\\\/?s={search_term_string}\"},\"query-input\":{\"@type\":\"PropertyValueSpecification\",\"valueRequired\":true,\"valueName\":\"search_term_string\"}}],\"inLanguage\":\"fr-FR\"},{\"@type\":\"Organization\",\"@id\":\"https:\\\/\\\/galets-malins.com\\\/#organization\",\"name\":\"galets-malins.com\",\"url\":\"https:\\\/\\\/galets-malins.com\\\/\",\"logo\":{\"@type\":\"ImageObject\",\"inLanguage\":\"fr-FR\",\"@id\":\"https:\\\/\\\/galets-malins.com\\\/#\\\/schema\\\/logo\\\/image\\\/\",\"url\":\"https:\\\/\\\/galets-malins.com\\\/wp-content\\\/uploads\\\/2023\\\/09\\\/logo-site.png\",\"contentUrl\":\"https:\\\/\\\/galets-malins.com\\\/wp-content\\\/uploads\\\/2023\\\/09\\\/logo-site.png\",\"width\":582,\"height\":303,\"caption\":\"galets-malins.com\"},\"image\":{\"@id\":\"https:\\\/\\\/galets-malins.com\\\/#\\\/schema\\\/logo\\\/image\\\/\"}}]}<\/script>\n<!-- \/ Yoast SEO plugin. -->","yoast_head_json":{"title":"Jeu du SUDOKU","description":"38 galets & 1 plateau en tissu Jeu de Sudoku en galets naturels, R\u00e9f : SUD001 Dimension 31x31cm Poids: 425grEquipement :","robots":{"index":"index","follow":"follow","max-snippet":"max-snippet:-1","max-image-preview":"max-image-preview:large","max-video-preview":"max-video-preview:-1"},"canonical":"https:\/\/galets-malins.com\/index.php\/produit\/jeu-du-sudoku\/","og_locale":"fr_FR","og_type":"article","og_title":"Jeu du SUDOKU","og_description":"38 galets & 1 plateau en tissu Jeu de Sudoku en galets naturels, R\u00e9f : SUD001 Dimension 31x31cm Poids: 425grEquipement :","og_url":"https:\/\/galets-malins.com\/index.php\/produit\/jeu-du-sudoku\/","og_site_name":"galets-malins.com","article_modified_time":"2023-10-31T17:56:58+00:00","og_image":[{"width":800,"height":800,"url":"http:\/\/galets-malins.com\/wp-content\/uploads\/2023\/09\/Jeu-de-sudoku-famille-societe-reflextion-amusement-resultat-chiffres-enfants.jpg","type":"image\/jpeg"}],"twitter_card":"summary_large_image","twitter_misc":{"Dur\u00e9e de lecture estim\u00e9e":"1 minute"},"schema":{"@context":"https:\/\/schema.org","@graph":[{"@type":"WebPage","@id":"https:\/\/galets-malins.com\/index.php\/produit\/jeu-du-sudoku\/","url":"https:\/\/galets-malins.com\/index.php\/produit\/jeu-du-sudoku\/","name":"Jeu du SUDOKU","isPartOf":{"@id":"https:\/\/galets-malins.com\/#website"},"primaryImageOfPage":{"@id":"https:\/\/galets-malins.com\/index.php\/produit\/jeu-du-sudoku\/#primaryimage"},"image":{"@id":"https:\/\/galets-malins.com\/index.php\/produit\/jeu-du-sudoku\/#primaryimage"},"thumbnailUrl":"https:\/\/galets-malins.com\/wp-content\/uploads\/2023\/09\/Jeu-de-sudoku-famille-societe-reflextion-amusement-resultat-chiffres-enfants.jpg","datePublished":"2023-09-17T13:38:06+00:00","dateModified":"2023-10-31T17:56:58+00:00","description":"38 galets & 1 plateau en tissu Jeu de Sudoku en galets naturels, R\u00e9f : SUD001 Dimension 31x31cm Poids: 425grEquipement :","breadcrumb":{"@id":"https:\/\/galets-malins.com\/index.php\/produit\/jeu-du-sudoku\/#breadcrumb"},"inLanguage":"fr-FR","potentialAction":[{"@type":"ReadAction","target":["https:\/\/galets-malins.com\/index.php\/produit\/jeu-du-sudoku\/"]}]},{"@type":"ImageObject","inLanguage":"fr-FR","@id":"https:\/\/galets-malins.com\/index.php\/produit\/jeu-du-sudoku\/#primaryimage","url":"https:\/\/galets-malins.com\/wp-content\/uploads\/2023\/09\/Jeu-de-sudoku-famille-societe-reflextion-amusement-resultat-chiffres-enfants.jpg","contentUrl":"https:\/\/galets-malins.com\/wp-content\/uploads\/2023\/09\/Jeu-de-sudoku-famille-societe-reflextion-amusement-resultat-chiffres-enfants.jpg","width":800,"height":800},{"@type":"BreadcrumbList","@id":"https:\/\/galets-malins.com\/index.php\/produit\/jeu-du-sudoku\/#breadcrumb","itemListElement":[{"@type":"ListItem","position":1,"name":"Accueil","item":"https:\/\/galets-malins.com\/"},{"@type":"ListItem","position":2,"name":"Boutique","item":"https:\/\/galets-malins.com\/index.php\/boutique\/"},{"@type":"ListItem","position":3,"name":"Jeu du SUDOKU"}]},{"@type":"WebSite","@id":"https:\/\/galets-malins.com\/#website","url":"https:\/\/galets-malins.com\/","name":"galets-malins.com","description":"Cr\u00e9ations orignales en galets","publisher":{"@id":"https:\/\/galets-malins.com\/#organization"},"potentialAction":[{"@type":"SearchAction","target":{"@type":"EntryPoint","urlTemplate":"https:\/\/galets-malins.com\/?s={search_term_string}"},"query-input":{"@type":"PropertyValueSpecification","valueRequired":true,"valueName":"search_term_string"}}],"inLanguage":"fr-FR"},{"@type":"Organization","@id":"https:\/\/galets-malins.com\/#organization","name":"galets-malins.com","url":"https:\/\/galets-malins.com\/","logo":{"@type":"ImageObject","inLanguage":"fr-FR","@id":"https:\/\/galets-malins.com\/#\/schema\/logo\/image\/","url":"https:\/\/galets-malins.com\/wp-content\/uploads\/2023\/09\/logo-site.png","contentUrl":"https:\/\/galets-malins.com\/wp-content\/uploads\/2023\/09\/logo-site.png","width":582,"height":303,"caption":"galets-malins.com"},"image":{"@id":"https:\/\/galets-malins.com\/#\/schema\/logo\/image\/"}}]}},"uagb_featured_image_src":{"full":["https:\/\/galets-malins.com\/wp-content\/uploads\/2023\/09\/Jeu-de-sudoku-famille-societe-reflextion-amusement-resultat-chiffres-enfants.jpg",800,800,false],"thumbnail":["https:\/\/galets-malins.com\/wp-content\/uploads\/2023\/09\/Jeu-de-sudoku-famille-societe-reflextion-amusement-resultat-chiffres-enfants-150x150.jpg",150,150,true],"medium":["https:\/\/galets-malins.com\/wp-content\/uploads\/2023\/09\/Jeu-de-sudoku-famille-societe-reflextion-amusement-resultat-chiffres-enfants-300x300.jpg",300,300,true],"medium_large":["https:\/\/galets-malins.com\/wp-content\/uploads\/2023\/09\/Jeu-de-sudoku-famille-societe-reflextion-amusement-resultat-chiffres-enfants-768x768.jpg",768,768,true],"large":["https:\/\/galets-malins.com\/wp-content\/uploads\/2023\/09\/Jeu-de-sudoku-famille-societe-reflextion-amusement-resultat-chiffres-enfants.jpg",800,800,false],"1536x1536":["https:\/\/galets-malins.com\/wp-content\/uploads\/2023\/09\/Jeu-de-sudoku-famille-societe-reflextion-amusement-resultat-chiffres-enfants.jpg",800,800,false],"2048x2048":["https:\/\/galets-malins.com\/wp-content\/uploads\/2023\/09\/Jeu-de-sudoku-famille-societe-reflextion-amusement-resultat-chiffres-enfants.jpg",800,800,false],"post-thumbnail":["https:\/\/galets-malins.com\/wp-content\/uploads\/2023\/09\/Jeu-de-sudoku-famille-societe-reflextion-amusement-resultat-chiffres-enfants.jpg",800,800,false],"woocommerce_thumbnail":["https:\/\/galets-malins.com\/wp-content\/uploads\/2023\/09\/Jeu-de-sudoku-famille-societe-reflextion-amusement-resultat-chiffres-enfants-400x400.jpg",400,400,true],"woocommerce_single":["https:\/\/galets-malins.com\/wp-content\/uploads\/2023\/09\/Jeu-de-sudoku-famille-societe-reflextion-amusement-resultat-chiffres-enfants.jpg",800,800,false],"woocommerce_gallery_thumbnail":["https:\/\/galets-malins.com\/wp-content\/uploads\/2023\/09\/Jeu-de-sudoku-famille-societe-reflextion-amusement-resultat-chiffres-enfants-100x100.jpg",100,100,true]},"uagb_author_info":{"display_name":"galets-malins.com","author_link":"https:\/\/galets-malins.com\/index.php\/author\/"},"uagb_comment_info":0,"uagb_excerpt":"R\u00e9f : SUD001 Dimension 31x31cm Poids: 425gr Equipement : 38 galets &amp; 1 plateau en tissu","_links":{"self":[{"href":"https:\/\/galets-malins.com\/index.php\/wp-json\/wp\/v2\/product\/121","targetHints":{"allow":["GET"]}}],"collection":[{"href":"https:\/\/galets-malins.com\/index.php\/wp-json\/wp\/v2\/product"}],"about":[{"href":"https:\/\/galets-malins.com\/index.php\/wp-json\/wp\/v2\/types\/product"}],"replies":[{"embeddable":true,"href":"https:\/\/galets-malins.com\/index.php\/wp-json\/wp\/v2\/comments?post=121"}],"wp:featuredmedia":[{"embeddable":true,"href":"https:\/\/galets-malins.com\/index.php\/wp-json\/wp\/v2\/media\/396"}],"wp:attachment":[{"href":"https:\/\/galets-malins.com\/index.php\/wp-json\/wp\/v2\/media?parent=121"}],"wp:term":[{"taxonomy":"product_brand","embeddable":true,"href":"https:\/\/galets-malins.com\/index.php\/wp-json\/wp\/v2\/product_brand?post=121"},{"taxonomy":"product_cat","embeddable":true,"href":"https:\/\/galets-malins.com\/index.php\/wp-json\/wp\/v2\/product_cat?post=121"},{"taxonomy":"product_tag","embeddable":true,"href":"https:\/\/galets-malins.com\/index.php\/wp-json\/wp\/v2\/product_tag?post=121"}],"curies":[{"name":"wp","href":"https:\/\/api.w.org\/{rel}","templated":true}]}}