{"id":172,"date":"2023-09-18T10:33:39","date_gmt":"2023-09-18T08:33:39","guid":{"rendered":"https:\/\/galets-malins.com\/?post_type=product&#038;p=172"},"modified":"2023-09-27T20:51:51","modified_gmt":"2023-09-27T18:51:51","slug":"ancre","status":"publish","type":"product","link":"https:\/\/galets-malins.com\/index.php\/produit\/ancre\/","title":{"rendered":"Ancre"},"content":{"rendered":"<p>Galet Personnalis\u00e9 pour vos d\u00e9coration d&rsquo;entr\u00e9e ou \u00e9galement \u00e0 utilis\u00e9 comme bloc serviette sur les plages\u00a0 lors de vos s\u00e9ances bronzette.<\/p>\n","protected":false},"excerpt":{"rendered":"<p>Galet personnalis\u00e9<\/p>\n<div>\n<p>R\u00e9f : GPA001 Dimension 10 x 8 cm Poids : 488 gr<\/p>\n<\/div>\n","protected":false},"featured_media":173,"comment_status":"open","ping_status":"closed","template":"","meta":{"_uag_custom_page_level_css":""},"product_brand":[],"product_cat":[27],"product_tag":[],"class_list":{"0":"post-172","1":"product","2":"type-product","3":"status-publish","4":"has-post-thumbnail","6":"product_cat-galets-personnalises","8":"first","9":"instock","10":"shipping-taxable","11":"purchasable","12":"product-type-simple"},"yoast_head":"<!-- This site is optimized with the Yoast SEO plugin v27.4 - https:\/\/yoast.com\/product\/yoast-seo-wordpress\/ -->\n<title>Ancre<\/title>\n<meta name=\"description\" content=\"Galet-Ancre-Personnalis\u00e9-Cadeau-D\u00e9coration-Plaisir-Offrir-Hobby\" \/>\n<meta name=\"robots\" content=\"index, follow, max-snippet:-1, max-image-preview:large, max-video-preview:-1\" \/>\n<link rel=\"canonical\" href=\"https:\/\/galets-malins.com\/index.php\/produit\/ancre\/\" \/>\n<meta property=\"og:locale\" content=\"fr_FR\" \/>\n<meta property=\"og:type\" content=\"article\" \/>\n<meta property=\"og:title\" content=\"Ancre\" \/>\n<meta property=\"og:description\" content=\"Galet-Ancre-Personnalis\u00e9-Cadeau-D\u00e9coration-Plaisir-Offrir-Hobby\" \/>\n<meta property=\"og:url\" content=\"https:\/\/galets-malins.com\/index.php\/produit\/ancre\/\" \/>\n<meta property=\"og:site_name\" content=\"galets-malins.com\" \/>\n<meta property=\"article:modified_time\" content=\"2023-09-27T18:51:51+00:00\" \/>\n<meta property=\"og:image\" content=\"http:\/\/galets-malins.com\/wp-content\/uploads\/2023\/09\/WhatsApp-Image-2023-09-17-a-19.46.15.jpg\" \/>\n\t<meta property=\"og:image:width\" content=\"1368\" \/>\n\t<meta property=\"og:image:height\" content=\"1824\" \/>\n\t<meta property=\"og:image:type\" content=\"image\/jpeg\" \/>\n<meta name=\"twitter:card\" content=\"summary_large_image\" \/>\n<meta name=\"twitter:label1\" content=\"Dur\u00e9e de lecture estim\u00e9e\" \/>\n\t<meta name=\"twitter:data1\" content=\"1 minute\" \/>\n<script type=\"application\/ld+json\" class=\"yoast-schema-graph\">{\"@context\":\"https:\\\/\\\/schema.org\",\"@graph\":[{\"@type\":\"WebPage\",\"@id\":\"https:\\\/\\\/galets-malins.com\\\/index.php\\\/produit\\\/ancre\\\/\",\"url\":\"https:\\\/\\\/galets-malins.com\\\/index.php\\\/produit\\\/ancre\\\/\",\"name\":\"Ancre\",\"isPartOf\":{\"@id\":\"https:\\\/\\\/galets-malins.com\\\/#website\"},\"primaryImageOfPage\":{\"@id\":\"https:\\\/\\\/galets-malins.com\\\/index.php\\\/produit\\\/ancre\\\/#primaryimage\"},\"image\":{\"@id\":\"https:\\\/\\\/galets-malins.com\\\/index.php\\\/produit\\\/ancre\\\/#primaryimage\"},\"thumbnailUrl\":\"https:\\\/\\\/galets-malins.com\\\/wp-content\\\/uploads\\\/2023\\\/09\\\/WhatsApp-Image-2023-09-17-a-19.46.15.jpg\",\"datePublished\":\"2023-09-18T08:33:39+00:00\",\"dateModified\":\"2023-09-27T18:51:51+00:00\",\"description\":\"Galet-Ancre-Personnalis\u00e9-Cadeau-D\u00e9coration-Plaisir-Offrir-Hobby\",\"breadcrumb\":{\"@id\":\"https:\\\/\\\/galets-malins.com\\\/index.php\\\/produit\\\/ancre\\\/#breadcrumb\"},\"inLanguage\":\"fr-FR\",\"potentialAction\":[{\"@type\":\"ReadAction\",\"target\":[\"https:\\\/\\\/galets-malins.com\\\/index.php\\\/produit\\\/ancre\\\/\"]}]},{\"@type\":\"ImageObject\",\"inLanguage\":\"fr-FR\",\"@id\":\"https:\\\/\\\/galets-malins.com\\\/index.php\\\/produit\\\/ancre\\\/#primaryimage\",\"url\":\"https:\\\/\\\/galets-malins.com\\\/wp-content\\\/uploads\\\/2023\\\/09\\\/WhatsApp-Image-2023-09-17-a-19.46.15.jpg\",\"contentUrl\":\"https:\\\/\\\/galets-malins.com\\\/wp-content\\\/uploads\\\/2023\\\/09\\\/WhatsApp-Image-2023-09-17-a-19.46.15.jpg\",\"width\":1368,\"height\":1824},{\"@type\":\"BreadcrumbList\",\"@id\":\"https:\\\/\\\/galets-malins.com\\\/index.php\\\/produit\\\/ancre\\\/#breadcrumb\",\"itemListElement\":[{\"@type\":\"ListItem\",\"position\":1,\"name\":\"Accueil\",\"item\":\"https:\\\/\\\/galets-malins.com\\\/\"},{\"@type\":\"ListItem\",\"position\":2,\"name\":\"Boutique\",\"item\":\"https:\\\/\\\/galets-malins.com\\\/index.php\\\/boutique\\\/\"},{\"@type\":\"ListItem\",\"position\":3,\"name\":\"Ancre\"}]},{\"@type\":\"WebSite\",\"@id\":\"https:\\\/\\\/galets-malins.com\\\/#website\",\"url\":\"https:\\\/\\\/galets-malins.com\\\/\",\"name\":\"galets-malins.com\",\"description\":\"Cr\u00e9ations orignales en galets\",\"publisher\":{\"@id\":\"https:\\\/\\\/galets-malins.com\\\/#organization\"},\"potentialAction\":[{\"@type\":\"SearchAction\",\"target\":{\"@type\":\"EntryPoint\",\"urlTemplate\":\"https:\\\/\\\/galets-malins.com\\\/?s={search_term_string}\"},\"query-input\":{\"@type\":\"PropertyValueSpecification\",\"valueRequired\":true,\"valueName\":\"search_term_string\"}}],\"inLanguage\":\"fr-FR\"},{\"@type\":\"Organization\",\"@id\":\"https:\\\/\\\/galets-malins.com\\\/#organization\",\"name\":\"galets-malins.com\",\"url\":\"https:\\\/\\\/galets-malins.com\\\/\",\"logo\":{\"@type\":\"ImageObject\",\"inLanguage\":\"fr-FR\",\"@id\":\"https:\\\/\\\/galets-malins.com\\\/#\\\/schema\\\/logo\\\/image\\\/\",\"url\":\"https:\\\/\\\/galets-malins.com\\\/wp-content\\\/uploads\\\/2023\\\/09\\\/logo-site.png\",\"contentUrl\":\"https:\\\/\\\/galets-malins.com\\\/wp-content\\\/uploads\\\/2023\\\/09\\\/logo-site.png\",\"width\":582,\"height\":303,\"caption\":\"galets-malins.com\"},\"image\":{\"@id\":\"https:\\\/\\\/galets-malins.com\\\/#\\\/schema\\\/logo\\\/image\\\/\"}}]}<\/script>\n<!-- \/ Yoast SEO plugin. -->","yoast_head_json":{"title":"Ancre","description":"Galet-Ancre-Personnalis\u00e9-Cadeau-D\u00e9coration-Plaisir-Offrir-Hobby","robots":{"index":"index","follow":"follow","max-snippet":"max-snippet:-1","max-image-preview":"max-image-preview:large","max-video-preview":"max-video-preview:-1"},"canonical":"https:\/\/galets-malins.com\/index.php\/produit\/ancre\/","og_locale":"fr_FR","og_type":"article","og_title":"Ancre","og_description":"Galet-Ancre-Personnalis\u00e9-Cadeau-D\u00e9coration-Plaisir-Offrir-Hobby","og_url":"https:\/\/galets-malins.com\/index.php\/produit\/ancre\/","og_site_name":"galets-malins.com","article_modified_time":"2023-09-27T18:51:51+00:00","og_image":[{"width":1368,"height":1824,"url":"http:\/\/galets-malins.com\/wp-content\/uploads\/2023\/09\/WhatsApp-Image-2023-09-17-a-19.46.15.jpg","type":"image\/jpeg"}],"twitter_card":"summary_large_image","twitter_misc":{"Dur\u00e9e de lecture estim\u00e9e":"1 minute"},"schema":{"@context":"https:\/\/schema.org","@graph":[{"@type":"WebPage","@id":"https:\/\/galets-malins.com\/index.php\/produit\/ancre\/","url":"https:\/\/galets-malins.com\/index.php\/produit\/ancre\/","name":"Ancre","isPartOf":{"@id":"https:\/\/galets-malins.com\/#website"},"primaryImageOfPage":{"@id":"https:\/\/galets-malins.com\/index.php\/produit\/ancre\/#primaryimage"},"image":{"@id":"https:\/\/galets-malins.com\/index.php\/produit\/ancre\/#primaryimage"},"thumbnailUrl":"https:\/\/galets-malins.com\/wp-content\/uploads\/2023\/09\/WhatsApp-Image-2023-09-17-a-19.46.15.jpg","datePublished":"2023-09-18T08:33:39+00:00","dateModified":"2023-09-27T18:51:51+00:00","description":"Galet-Ancre-Personnalis\u00e9-Cadeau-D\u00e9coration-Plaisir-Offrir-Hobby","breadcrumb":{"@id":"https:\/\/galets-malins.com\/index.php\/produit\/ancre\/#breadcrumb"},"inLanguage":"fr-FR","potentialAction":[{"@type":"ReadAction","target":["https:\/\/galets-malins.com\/index.php\/produit\/ancre\/"]}]},{"@type":"ImageObject","inLanguage":"fr-FR","@id":"https:\/\/galets-malins.com\/index.php\/produit\/ancre\/#primaryimage","url":"https:\/\/galets-malins.com\/wp-content\/uploads\/2023\/09\/WhatsApp-Image-2023-09-17-a-19.46.15.jpg","contentUrl":"https:\/\/galets-malins.com\/wp-content\/uploads\/2023\/09\/WhatsApp-Image-2023-09-17-a-19.46.15.jpg","width":1368,"height":1824},{"@type":"BreadcrumbList","@id":"https:\/\/galets-malins.com\/index.php\/produit\/ancre\/#breadcrumb","itemListElement":[{"@type":"ListItem","position":1,"name":"Accueil","item":"https:\/\/galets-malins.com\/"},{"@type":"ListItem","position":2,"name":"Boutique","item":"https:\/\/galets-malins.com\/index.php\/boutique\/"},{"@type":"ListItem","position":3,"name":"Ancre"}]},{"@type":"WebSite","@id":"https:\/\/galets-malins.com\/#website","url":"https:\/\/galets-malins.com\/","name":"galets-malins.com","description":"Cr\u00e9ations orignales en galets","publisher":{"@id":"https:\/\/galets-malins.com\/#organization"},"potentialAction":[{"@type":"SearchAction","target":{"@type":"EntryPoint","urlTemplate":"https:\/\/galets-malins.com\/?s={search_term_string}"},"query-input":{"@type":"PropertyValueSpecification","valueRequired":true,"valueName":"search_term_string"}}],"inLanguage":"fr-FR"},{"@type":"Organization","@id":"https:\/\/galets-malins.com\/#organization","name":"galets-malins.com","url":"https:\/\/galets-malins.com\/","logo":{"@type":"ImageObject","inLanguage":"fr-FR","@id":"https:\/\/galets-malins.com\/#\/schema\/logo\/image\/","url":"https:\/\/galets-malins.com\/wp-content\/uploads\/2023\/09\/logo-site.png","contentUrl":"https:\/\/galets-malins.com\/wp-content\/uploads\/2023\/09\/logo-site.png","width":582,"height":303,"caption":"galets-malins.com"},"image":{"@id":"https:\/\/galets-malins.com\/#\/schema\/logo\/image\/"}}]}},"uagb_featured_image_src":{"full":["https:\/\/galets-malins.com\/wp-content\/uploads\/2023\/09\/WhatsApp-Image-2023-09-17-a-19.46.15.jpg",1368,1824,false],"thumbnail":["https:\/\/galets-malins.com\/wp-content\/uploads\/2023\/09\/WhatsApp-Image-2023-09-17-a-19.46.15-150x150.jpg",150,150,true],"medium":["https:\/\/galets-malins.com\/wp-content\/uploads\/2023\/09\/WhatsApp-Image-2023-09-17-a-19.46.15-225x300.jpg",225,300,true],"medium_large":["https:\/\/galets-malins.com\/wp-content\/uploads\/2023\/09\/WhatsApp-Image-2023-09-17-a-19.46.15-768x1024.jpg",768,1024,true],"large":["https:\/\/galets-malins.com\/wp-content\/uploads\/2023\/09\/WhatsApp-Image-2023-09-17-a-19.46.15-768x1024.jpg",768,1024,true],"1536x1536":["https:\/\/galets-malins.com\/wp-content\/uploads\/2023\/09\/WhatsApp-Image-2023-09-17-a-19.46.15-1152x1536.jpg",1152,1536,true],"2048x2048":["https:\/\/galets-malins.com\/wp-content\/uploads\/2023\/09\/WhatsApp-Image-2023-09-17-a-19.46.15.jpg",1368,1824,false],"post-thumbnail":["https:\/\/galets-malins.com\/wp-content\/uploads\/2023\/09\/WhatsApp-Image-2023-09-17-a-19.46.15-1200x1600.jpg",1200,1600,true],"woocommerce_thumbnail":["https:\/\/galets-malins.com\/wp-content\/uploads\/2023\/09\/WhatsApp-Image-2023-09-17-a-19.46.15-400x400.jpg",400,400,true],"woocommerce_single":["https:\/\/galets-malins.com\/wp-content\/uploads\/2023\/09\/WhatsApp-Image-2023-09-17-a-19.46.15-800x1067.jpg",800,1067,true],"woocommerce_gallery_thumbnail":["https:\/\/galets-malins.com\/wp-content\/uploads\/2023\/09\/WhatsApp-Image-2023-09-17-a-19.46.15-100x100.jpg",100,100,true]},"uagb_author_info":{"display_name":"galets-malins.com","author_link":"https:\/\/galets-malins.com\/index.php\/author\/"},"uagb_comment_info":1,"uagb_excerpt":"Galet personnalis\u00e9 R\u00e9f : GPA001 Dimension 10 x 8 cm Poids : 488 gr","_links":{"self":[{"href":"https:\/\/galets-malins.com\/index.php\/wp-json\/wp\/v2\/product\/172","targetHints":{"allow":["GET"]}}],"collection":[{"href":"https:\/\/galets-malins.com\/index.php\/wp-json\/wp\/v2\/product"}],"about":[{"href":"https:\/\/galets-malins.com\/index.php\/wp-json\/wp\/v2\/types\/product"}],"replies":[{"embeddable":true,"href":"https:\/\/galets-malins.com\/index.php\/wp-json\/wp\/v2\/comments?post=172"}],"wp:featuredmedia":[{"embeddable":true,"href":"https:\/\/galets-malins.com\/index.php\/wp-json\/wp\/v2\/media\/173"}],"wp:attachment":[{"href":"https:\/\/galets-malins.com\/index.php\/wp-json\/wp\/v2\/media?parent=172"}],"wp:term":[{"taxonomy":"product_brand","embeddable":true,"href":"https:\/\/galets-malins.com\/index.php\/wp-json\/wp\/v2\/product_brand?post=172"},{"taxonomy":"product_cat","embeddable":true,"href":"https:\/\/galets-malins.com\/index.php\/wp-json\/wp\/v2\/product_cat?post=172"},{"taxonomy":"product_tag","embeddable":true,"href":"https:\/\/galets-malins.com\/index.php\/wp-json\/wp\/v2\/product_tag?post=172"}],"curies":[{"name":"wp","href":"https:\/\/api.w.org\/{rel}","templated":true}]}}