{"id":417,"date":"2023-09-26T15:31:41","date_gmt":"2023-09-26T13:31:41","guid":{"rendered":"https:\/\/galets-malins.com\/?post_type=product&#038;p=417"},"modified":"2023-09-26T15:31:42","modified_gmt":"2023-09-26T13:31:42","slug":"jeu-de-chevaux-smiley","status":"publish","type":"product","link":"https:\/\/galets-malins.com\/index.php\/produit\/jeu-de-chevaux-smiley\/","title":{"rendered":"Jeu de Chevaux \u00ab\u00a0Smiley\u00a0\u00bb"},"content":{"rendered":"<div>\n<p>Chaque joueur place leurs galets dans leur emplacement respectif, \u2022 Pour commencer la partie un joueur doit faire un 6 pour pouvoir sortir son galet et le placer sur sa 1\u00e8re case de couleur. Quand un joueur fait un 6, il rejoue automatiquement et a le choix entre sortir un nouveau cheval ou avancer de 6 cases ; les galets font le tour dans le sens des aiguilles d\u2019une montre. Les joueurs avancent leurs galets en fonction des jets du d\u00e9 ; mais attention, une case ne peut \u00eatre occup\u00e9e que par un seul galet. Un joueur ne peut pas doubler un autre joueur. Si vous r\u00e9ussissez \u00e0 sauter un galet d\u2019un joueur adverse, vous occupez sa place et le renvoyez par la m\u00eame occasion dans sa maison. Le joueur ayant perdu sa place, doit de nouveau obtenir un 6 pour sortir son galet. Lorsqu\u2019un galet est sur le point de terminer son parcours, avec un jet de d\u00e9, il doit s\u2019arr\u00eater pile devant son entr\u00e9e. Si le chiffre du d\u00e9 est trop grand, il doit reculer d\u2019autant de cases. Apr\u00e8s s\u2019\u00eatre arr\u00eat\u00e9 devant son entr\u00e9e, le joueur doit obtenir le chiffre devant lui ; soit le 1, 2,3, et le 4. Pour gagner aux petits chevaux, il faut avoir r\u00e9ussi \u00e0 placer tous ses 4 galets au centre du jeu. Le jeu des petits chevaux se joue de 2 \u00e0 4 joueurs. Bonne chance !!!<\/p>\n<\/div>\n","protected":false},"excerpt":{"rendered":"<p>Jeu de Chevaux \u00ab\u00a0Smiley\u00a0\u00bb<\/p>\n<div>\n<p>R\u00e9f : CHS001 Poids 134 gr Support en Bois, 16 Galets smiley et 1 d\u00e9<\/p>\n<\/div>\n","protected":false},"featured_media":418,"comment_status":"open","ping_status":"closed","template":"","meta":{"_uag_custom_page_level_css":""},"product_brand":[],"product_cat":[21],"product_tag":[],"class_list":{"0":"post-417","1":"product","2":"type-product","3":"status-publish","4":"has-post-thumbnail","6":"product_cat-jeux","8":"first","9":"instock","10":"shipping-taxable","11":"purchasable","12":"product-type-simple"},"yoast_head":"<!-- This site is optimized with the Yoast SEO plugin v27.4 - https:\/\/yoast.com\/product\/yoast-seo-wordpress\/ -->\n<title>Jeu de Chevaux &quot;Smiley&quot;<\/title>\n<meta name=\"description\" content=\"Plateau-Jeu-De-Chevaux-Smiley-Famille-Soci\u00e9t\u00e9-R\u00e9flexion-Amusement-R\u00e9sultat-Enfants-Gagn\u00e9-\" \/>\n<meta name=\"robots\" content=\"index, follow, max-snippet:-1, max-image-preview:large, max-video-preview:-1\" \/>\n<link rel=\"canonical\" href=\"https:\/\/galets-malins.com\/index.php\/produit\/jeu-de-chevaux-smiley\/\" \/>\n<meta property=\"og:locale\" content=\"fr_FR\" \/>\n<meta property=\"og:type\" content=\"article\" \/>\n<meta property=\"og:title\" content=\"Jeu de Chevaux &quot;Smiley&quot;\" \/>\n<meta property=\"og:description\" content=\"Plateau-Jeu-De-Chevaux-Smiley-Famille-Soci\u00e9t\u00e9-R\u00e9flexion-Amusement-R\u00e9sultat-Enfants-Gagn\u00e9-\" \/>\n<meta property=\"og:url\" content=\"https:\/\/galets-malins.com\/index.php\/produit\/jeu-de-chevaux-smiley\/\" \/>\n<meta property=\"og:site_name\" content=\"galets-malins.com\" \/>\n<meta property=\"article:modified_time\" content=\"2023-09-26T13:31:42+00:00\" \/>\n<meta property=\"og:image\" content=\"http:\/\/galets-malins.com\/wp-content\/uploads\/2023\/09\/Galets-enfants-Jeu-de-chevaux-smiley-societe-famille-loisir-amusement.jpg\" \/>\n\t<meta property=\"og:image:width\" content=\"800\" \/>\n\t<meta property=\"og:image:height\" content=\"800\" \/>\n\t<meta property=\"og:image:type\" content=\"image\/jpeg\" \/>\n<meta name=\"twitter:card\" content=\"summary_large_image\" \/>\n<meta name=\"twitter:label1\" content=\"Dur\u00e9e de lecture estim\u00e9e\" \/>\n\t<meta name=\"twitter:data1\" content=\"2 minutes\" \/>\n<script type=\"application\/ld+json\" class=\"yoast-schema-graph\">{\"@context\":\"https:\\\/\\\/schema.org\",\"@graph\":[{\"@type\":\"WebPage\",\"@id\":\"https:\\\/\\\/galets-malins.com\\\/index.php\\\/produit\\\/jeu-de-chevaux-smiley\\\/\",\"url\":\"https:\\\/\\\/galets-malins.com\\\/index.php\\\/produit\\\/jeu-de-chevaux-smiley\\\/\",\"name\":\"Jeu de Chevaux \\\"Smiley\\\"\",\"isPartOf\":{\"@id\":\"https:\\\/\\\/galets-malins.com\\\/#website\"},\"primaryImageOfPage\":{\"@id\":\"https:\\\/\\\/galets-malins.com\\\/index.php\\\/produit\\\/jeu-de-chevaux-smiley\\\/#primaryimage\"},\"image\":{\"@id\":\"https:\\\/\\\/galets-malins.com\\\/index.php\\\/produit\\\/jeu-de-chevaux-smiley\\\/#primaryimage\"},\"thumbnailUrl\":\"https:\\\/\\\/galets-malins.com\\\/wp-content\\\/uploads\\\/2023\\\/09\\\/Galets-enfants-Jeu-de-chevaux-smiley-societe-famille-loisir-amusement.jpg\",\"datePublished\":\"2023-09-26T13:31:41+00:00\",\"dateModified\":\"2023-09-26T13:31:42+00:00\",\"description\":\"Plateau-Jeu-De-Chevaux-Smiley-Famille-Soci\u00e9t\u00e9-R\u00e9flexion-Amusement-R\u00e9sultat-Enfants-Gagn\u00e9-\",\"breadcrumb\":{\"@id\":\"https:\\\/\\\/galets-malins.com\\\/index.php\\\/produit\\\/jeu-de-chevaux-smiley\\\/#breadcrumb\"},\"inLanguage\":\"fr-FR\",\"potentialAction\":[{\"@type\":\"ReadAction\",\"target\":[\"https:\\\/\\\/galets-malins.com\\\/index.php\\\/produit\\\/jeu-de-chevaux-smiley\\\/\"]}]},{\"@type\":\"ImageObject\",\"inLanguage\":\"fr-FR\",\"@id\":\"https:\\\/\\\/galets-malins.com\\\/index.php\\\/produit\\\/jeu-de-chevaux-smiley\\\/#primaryimage\",\"url\":\"https:\\\/\\\/galets-malins.com\\\/wp-content\\\/uploads\\\/2023\\\/09\\\/Galets-enfants-Jeu-de-chevaux-smiley-societe-famille-loisir-amusement.jpg\",\"contentUrl\":\"https:\\\/\\\/galets-malins.com\\\/wp-content\\\/uploads\\\/2023\\\/09\\\/Galets-enfants-Jeu-de-chevaux-smiley-societe-famille-loisir-amusement.jpg\",\"width\":800,\"height\":800},{\"@type\":\"BreadcrumbList\",\"@id\":\"https:\\\/\\\/galets-malins.com\\\/index.php\\\/produit\\\/jeu-de-chevaux-smiley\\\/#breadcrumb\",\"itemListElement\":[{\"@type\":\"ListItem\",\"position\":1,\"name\":\"Accueil\",\"item\":\"https:\\\/\\\/galets-malins.com\\\/\"},{\"@type\":\"ListItem\",\"position\":2,\"name\":\"Boutique\",\"item\":\"https:\\\/\\\/galets-malins.com\\\/index.php\\\/boutique\\\/\"},{\"@type\":\"ListItem\",\"position\":3,\"name\":\"Jeu de Chevaux &#8220;Smiley&#8221;\"}]},{\"@type\":\"WebSite\",\"@id\":\"https:\\\/\\\/galets-malins.com\\\/#website\",\"url\":\"https:\\\/\\\/galets-malins.com\\\/\",\"name\":\"galets-malins.com\",\"description\":\"Cr\u00e9ations orignales en galets\",\"publisher\":{\"@id\":\"https:\\\/\\\/galets-malins.com\\\/#organization\"},\"potentialAction\":[{\"@type\":\"SearchAction\",\"target\":{\"@type\":\"EntryPoint\",\"urlTemplate\":\"https:\\\/\\\/galets-malins.com\\\/?s={search_term_string}\"},\"query-input\":{\"@type\":\"PropertyValueSpecification\",\"valueRequired\":true,\"valueName\":\"search_term_string\"}}],\"inLanguage\":\"fr-FR\"},{\"@type\":\"Organization\",\"@id\":\"https:\\\/\\\/galets-malins.com\\\/#organization\",\"name\":\"galets-malins.com\",\"url\":\"https:\\\/\\\/galets-malins.com\\\/\",\"logo\":{\"@type\":\"ImageObject\",\"inLanguage\":\"fr-FR\",\"@id\":\"https:\\\/\\\/galets-malins.com\\\/#\\\/schema\\\/logo\\\/image\\\/\",\"url\":\"https:\\\/\\\/galets-malins.com\\\/wp-content\\\/uploads\\\/2023\\\/09\\\/logo-site.png\",\"contentUrl\":\"https:\\\/\\\/galets-malins.com\\\/wp-content\\\/uploads\\\/2023\\\/09\\\/logo-site.png\",\"width\":582,\"height\":303,\"caption\":\"galets-malins.com\"},\"image\":{\"@id\":\"https:\\\/\\\/galets-malins.com\\\/#\\\/schema\\\/logo\\\/image\\\/\"}}]}<\/script>\n<!-- \/ Yoast SEO plugin. -->","yoast_head_json":{"title":"Jeu de Chevaux \"Smiley\"","description":"Plateau-Jeu-De-Chevaux-Smiley-Famille-Soci\u00e9t\u00e9-R\u00e9flexion-Amusement-R\u00e9sultat-Enfants-Gagn\u00e9-","robots":{"index":"index","follow":"follow","max-snippet":"max-snippet:-1","max-image-preview":"max-image-preview:large","max-video-preview":"max-video-preview:-1"},"canonical":"https:\/\/galets-malins.com\/index.php\/produit\/jeu-de-chevaux-smiley\/","og_locale":"fr_FR","og_type":"article","og_title":"Jeu de Chevaux \"Smiley\"","og_description":"Plateau-Jeu-De-Chevaux-Smiley-Famille-Soci\u00e9t\u00e9-R\u00e9flexion-Amusement-R\u00e9sultat-Enfants-Gagn\u00e9-","og_url":"https:\/\/galets-malins.com\/index.php\/produit\/jeu-de-chevaux-smiley\/","og_site_name":"galets-malins.com","article_modified_time":"2023-09-26T13:31:42+00:00","og_image":[{"width":800,"height":800,"url":"http:\/\/galets-malins.com\/wp-content\/uploads\/2023\/09\/Galets-enfants-Jeu-de-chevaux-smiley-societe-famille-loisir-amusement.jpg","type":"image\/jpeg"}],"twitter_card":"summary_large_image","twitter_misc":{"Dur\u00e9e de lecture estim\u00e9e":"2 minutes"},"schema":{"@context":"https:\/\/schema.org","@graph":[{"@type":"WebPage","@id":"https:\/\/galets-malins.com\/index.php\/produit\/jeu-de-chevaux-smiley\/","url":"https:\/\/galets-malins.com\/index.php\/produit\/jeu-de-chevaux-smiley\/","name":"Jeu de Chevaux \"Smiley\"","isPartOf":{"@id":"https:\/\/galets-malins.com\/#website"},"primaryImageOfPage":{"@id":"https:\/\/galets-malins.com\/index.php\/produit\/jeu-de-chevaux-smiley\/#primaryimage"},"image":{"@id":"https:\/\/galets-malins.com\/index.php\/produit\/jeu-de-chevaux-smiley\/#primaryimage"},"thumbnailUrl":"https:\/\/galets-malins.com\/wp-content\/uploads\/2023\/09\/Galets-enfants-Jeu-de-chevaux-smiley-societe-famille-loisir-amusement.jpg","datePublished":"2023-09-26T13:31:41+00:00","dateModified":"2023-09-26T13:31:42+00:00","description":"Plateau-Jeu-De-Chevaux-Smiley-Famille-Soci\u00e9t\u00e9-R\u00e9flexion-Amusement-R\u00e9sultat-Enfants-Gagn\u00e9-","breadcrumb":{"@id":"https:\/\/galets-malins.com\/index.php\/produit\/jeu-de-chevaux-smiley\/#breadcrumb"},"inLanguage":"fr-FR","potentialAction":[{"@type":"ReadAction","target":["https:\/\/galets-malins.com\/index.php\/produit\/jeu-de-chevaux-smiley\/"]}]},{"@type":"ImageObject","inLanguage":"fr-FR","@id":"https:\/\/galets-malins.com\/index.php\/produit\/jeu-de-chevaux-smiley\/#primaryimage","url":"https:\/\/galets-malins.com\/wp-content\/uploads\/2023\/09\/Galets-enfants-Jeu-de-chevaux-smiley-societe-famille-loisir-amusement.jpg","contentUrl":"https:\/\/galets-malins.com\/wp-content\/uploads\/2023\/09\/Galets-enfants-Jeu-de-chevaux-smiley-societe-famille-loisir-amusement.jpg","width":800,"height":800},{"@type":"BreadcrumbList","@id":"https:\/\/galets-malins.com\/index.php\/produit\/jeu-de-chevaux-smiley\/#breadcrumb","itemListElement":[{"@type":"ListItem","position":1,"name":"Accueil","item":"https:\/\/galets-malins.com\/"},{"@type":"ListItem","position":2,"name":"Boutique","item":"https:\/\/galets-malins.com\/index.php\/boutique\/"},{"@type":"ListItem","position":3,"name":"Jeu de Chevaux &#8220;Smiley&#8221;"}]},{"@type":"WebSite","@id":"https:\/\/galets-malins.com\/#website","url":"https:\/\/galets-malins.com\/","name":"galets-malins.com","description":"Cr\u00e9ations orignales en galets","publisher":{"@id":"https:\/\/galets-malins.com\/#organization"},"potentialAction":[{"@type":"SearchAction","target":{"@type":"EntryPoint","urlTemplate":"https:\/\/galets-malins.com\/?s={search_term_string}"},"query-input":{"@type":"PropertyValueSpecification","valueRequired":true,"valueName":"search_term_string"}}],"inLanguage":"fr-FR"},{"@type":"Organization","@id":"https:\/\/galets-malins.com\/#organization","name":"galets-malins.com","url":"https:\/\/galets-malins.com\/","logo":{"@type":"ImageObject","inLanguage":"fr-FR","@id":"https:\/\/galets-malins.com\/#\/schema\/logo\/image\/","url":"https:\/\/galets-malins.com\/wp-content\/uploads\/2023\/09\/logo-site.png","contentUrl":"https:\/\/galets-malins.com\/wp-content\/uploads\/2023\/09\/logo-site.png","width":582,"height":303,"caption":"galets-malins.com"},"image":{"@id":"https:\/\/galets-malins.com\/#\/schema\/logo\/image\/"}}]}},"uagb_featured_image_src":{"full":["https:\/\/galets-malins.com\/wp-content\/uploads\/2023\/09\/Galets-enfants-Jeu-de-chevaux-smiley-societe-famille-loisir-amusement.jpg",800,800,false],"thumbnail":["https:\/\/galets-malins.com\/wp-content\/uploads\/2023\/09\/Galets-enfants-Jeu-de-chevaux-smiley-societe-famille-loisir-amusement-150x150.jpg",150,150,true],"medium":["https:\/\/galets-malins.com\/wp-content\/uploads\/2023\/09\/Galets-enfants-Jeu-de-chevaux-smiley-societe-famille-loisir-amusement-300x300.jpg",300,300,true],"medium_large":["https:\/\/galets-malins.com\/wp-content\/uploads\/2023\/09\/Galets-enfants-Jeu-de-chevaux-smiley-societe-famille-loisir-amusement-768x768.jpg",768,768,true],"large":["https:\/\/galets-malins.com\/wp-content\/uploads\/2023\/09\/Galets-enfants-Jeu-de-chevaux-smiley-societe-famille-loisir-amusement.jpg",800,800,false],"1536x1536":["https:\/\/galets-malins.com\/wp-content\/uploads\/2023\/09\/Galets-enfants-Jeu-de-chevaux-smiley-societe-famille-loisir-amusement.jpg",800,800,false],"2048x2048":["https:\/\/galets-malins.com\/wp-content\/uploads\/2023\/09\/Galets-enfants-Jeu-de-chevaux-smiley-societe-famille-loisir-amusement.jpg",800,800,false],"post-thumbnail":["https:\/\/galets-malins.com\/wp-content\/uploads\/2023\/09\/Galets-enfants-Jeu-de-chevaux-smiley-societe-famille-loisir-amusement.jpg",800,800,false],"woocommerce_thumbnail":["https:\/\/galets-malins.com\/wp-content\/uploads\/2023\/09\/Galets-enfants-Jeu-de-chevaux-smiley-societe-famille-loisir-amusement-400x400.jpg",400,400,true],"woocommerce_single":["https:\/\/galets-malins.com\/wp-content\/uploads\/2023\/09\/Galets-enfants-Jeu-de-chevaux-smiley-societe-famille-loisir-amusement.jpg",800,800,false],"woocommerce_gallery_thumbnail":["https:\/\/galets-malins.com\/wp-content\/uploads\/2023\/09\/Galets-enfants-Jeu-de-chevaux-smiley-societe-famille-loisir-amusement-100x100.jpg",100,100,true]},"uagb_author_info":{"display_name":"Ginette MUNCH","author_link":"https:\/\/galets-malins.com\/index.php\/author\/"},"uagb_comment_info":0,"uagb_excerpt":"Jeu de Chevaux \"Smiley\" R\u00e9f : CHS001 Poids 134 gr Support en Bois, 16 Galets smiley et 1 d\u00e9","_links":{"self":[{"href":"https:\/\/galets-malins.com\/index.php\/wp-json\/wp\/v2\/product\/417","targetHints":{"allow":["GET"]}}],"collection":[{"href":"https:\/\/galets-malins.com\/index.php\/wp-json\/wp\/v2\/product"}],"about":[{"href":"https:\/\/galets-malins.com\/index.php\/wp-json\/wp\/v2\/types\/product"}],"replies":[{"embeddable":true,"href":"https:\/\/galets-malins.com\/index.php\/wp-json\/wp\/v2\/comments?post=417"}],"wp:featuredmedia":[{"embeddable":true,"href":"https:\/\/galets-malins.com\/index.php\/wp-json\/wp\/v2\/media\/418"}],"wp:attachment":[{"href":"https:\/\/galets-malins.com\/index.php\/wp-json\/wp\/v2\/media?parent=417"}],"wp:term":[{"taxonomy":"product_brand","embeddable":true,"href":"https:\/\/galets-malins.com\/index.php\/wp-json\/wp\/v2\/product_brand?post=417"},{"taxonomy":"product_cat","embeddable":true,"href":"https:\/\/galets-malins.com\/index.php\/wp-json\/wp\/v2\/product_cat?post=417"},{"taxonomy":"product_tag","embeddable":true,"href":"https:\/\/galets-malins.com\/index.php\/wp-json\/wp\/v2\/product_tag?post=417"}],"curies":[{"name":"wp","href":"https:\/\/api.w.org\/{rel}","templated":true}]}}