{"id":419,"date":"2023-09-26T15:41:18","date_gmt":"2023-09-26T13:41:18","guid":{"rendered":"https:\/\/galets-malins.com\/?post_type=product&#038;p=419"},"modified":"2023-09-27T20:53:04","modified_gmt":"2023-09-27T18:53:04","slug":"419","status":"publish","type":"product","link":"https:\/\/galets-malins.com\/index.php\/produit\/419\/","title":{"rendered":"Galet T\u00eate de Cheval\u00a0\u00bb"},"content":{"rendered":"<p>Galet Personnalis\u00e9 \u00ab\u00a0T\u00eate de Cheval\u00a0\u00bb<\/p>\n","protected":false},"excerpt":{"rendered":"<p>Galet Personnalis\u00e9, \u00ab\u00a0T\u00eate de Cheval\u00a0\u00bb<\/p>\n<div>\n<p>R\u00e9f : GPTC001 Dimension 10 x 8 cm Poids 362 gr<\/p>\n<\/div>\n","protected":false},"featured_media":420,"comment_status":"open","ping_status":"closed","template":"","meta":{"_uag_custom_page_level_css":""},"product_brand":[],"product_cat":[22,27],"product_tag":[],"class_list":{"0":"post-419","1":"product","2":"type-product","3":"status-publish","4":"has-post-thumbnail","6":"product_cat-decoration","7":"product_cat-galets-personnalises","9":"first","10":"instock","11":"shipping-taxable","12":"purchasable","13":"product-type-simple"},"yoast_head":"<!-- This site is optimized with the Yoast SEO plugin v27.4 - https:\/\/yoast.com\/product\/yoast-seo-wordpress\/ -->\n<title>Galet T\u00eate de Cheval&quot;<\/title>\n<meta name=\"description\" content=\"Galet-T\u00eate-De-Cheval-Personnalis\u00e9-Cadeau-D\u00e9coration-Plaisir-Couleur-Animaux-Sport-\" \/>\n<meta name=\"robots\" content=\"index, follow, max-snippet:-1, max-image-preview:large, max-video-preview:-1\" \/>\n<link rel=\"canonical\" href=\"https:\/\/galets-malins.com\/index.php\/produit\/419\/\" \/>\n<meta property=\"og:locale\" content=\"fr_FR\" \/>\n<meta property=\"og:type\" content=\"article\" \/>\n<meta property=\"og:title\" content=\"Galet T\u00eate de Cheval&quot;\" \/>\n<meta property=\"og:description\" content=\"Galet-T\u00eate-De-Cheval-Personnalis\u00e9-Cadeau-D\u00e9coration-Plaisir-Couleur-Animaux-Sport-\" \/>\n<meta property=\"og:url\" content=\"https:\/\/galets-malins.com\/index.php\/produit\/419\/\" \/>\n<meta property=\"og:site_name\" content=\"galets-malins.com\" \/>\n<meta property=\"article:modified_time\" content=\"2023-09-27T18:53:04+00:00\" \/>\n<meta property=\"og:image\" content=\"http:\/\/galets-malins.com\/wp-content\/uploads\/2023\/09\/Galet-Tete-de-cheval-personalise-cadeau-decoration-plaisir.jpg\" \/>\n\t<meta property=\"og:image:width\" content=\"800\" \/>\n\t<meta property=\"og:image:height\" content=\"800\" \/>\n\t<meta property=\"og:image:type\" content=\"image\/jpeg\" \/>\n<meta name=\"twitter:card\" content=\"summary_large_image\" \/>\n<meta name=\"twitter:label1\" content=\"Dur\u00e9e de lecture estim\u00e9e\" \/>\n\t<meta name=\"twitter:data1\" content=\"1 minute\" \/>\n<script type=\"application\/ld+json\" class=\"yoast-schema-graph\">{\"@context\":\"https:\\\/\\\/schema.org\",\"@graph\":[{\"@type\":\"WebPage\",\"@id\":\"https:\\\/\\\/galets-malins.com\\\/index.php\\\/produit\\\/419\\\/\",\"url\":\"https:\\\/\\\/galets-malins.com\\\/index.php\\\/produit\\\/419\\\/\",\"name\":\"Galet T\u00eate de Cheval\\\"\",\"isPartOf\":{\"@id\":\"https:\\\/\\\/galets-malins.com\\\/#website\"},\"primaryImageOfPage\":{\"@id\":\"https:\\\/\\\/galets-malins.com\\\/index.php\\\/produit\\\/419\\\/#primaryimage\"},\"image\":{\"@id\":\"https:\\\/\\\/galets-malins.com\\\/index.php\\\/produit\\\/419\\\/#primaryimage\"},\"thumbnailUrl\":\"https:\\\/\\\/galets-malins.com\\\/wp-content\\\/uploads\\\/2023\\\/09\\\/Galet-Tete-de-cheval-personalise-cadeau-decoration-plaisir.jpg\",\"datePublished\":\"2023-09-26T13:41:18+00:00\",\"dateModified\":\"2023-09-27T18:53:04+00:00\",\"description\":\"Galet-T\u00eate-De-Cheval-Personnalis\u00e9-Cadeau-D\u00e9coration-Plaisir-Couleur-Animaux-Sport-\",\"breadcrumb\":{\"@id\":\"https:\\\/\\\/galets-malins.com\\\/index.php\\\/produit\\\/419\\\/#breadcrumb\"},\"inLanguage\":\"fr-FR\",\"potentialAction\":[{\"@type\":\"ReadAction\",\"target\":[\"https:\\\/\\\/galets-malins.com\\\/index.php\\\/produit\\\/419\\\/\"]}]},{\"@type\":\"ImageObject\",\"inLanguage\":\"fr-FR\",\"@id\":\"https:\\\/\\\/galets-malins.com\\\/index.php\\\/produit\\\/419\\\/#primaryimage\",\"url\":\"https:\\\/\\\/galets-malins.com\\\/wp-content\\\/uploads\\\/2023\\\/09\\\/Galet-Tete-de-cheval-personalise-cadeau-decoration-plaisir.jpg\",\"contentUrl\":\"https:\\\/\\\/galets-malins.com\\\/wp-content\\\/uploads\\\/2023\\\/09\\\/Galet-Tete-de-cheval-personalise-cadeau-decoration-plaisir.jpg\",\"width\":800,\"height\":800},{\"@type\":\"BreadcrumbList\",\"@id\":\"https:\\\/\\\/galets-malins.com\\\/index.php\\\/produit\\\/419\\\/#breadcrumb\",\"itemListElement\":[{\"@type\":\"ListItem\",\"position\":1,\"name\":\"Accueil\",\"item\":\"https:\\\/\\\/galets-malins.com\\\/\"},{\"@type\":\"ListItem\",\"position\":2,\"name\":\"Boutique\",\"item\":\"https:\\\/\\\/galets-malins.com\\\/index.php\\\/boutique\\\/\"},{\"@type\":\"ListItem\",\"position\":3,\"name\":\"Galet T\u00eate de Cheval&#8221;\"}]},{\"@type\":\"WebSite\",\"@id\":\"https:\\\/\\\/galets-malins.com\\\/#website\",\"url\":\"https:\\\/\\\/galets-malins.com\\\/\",\"name\":\"galets-malins.com\",\"description\":\"Cr\u00e9ations orignales en galets\",\"publisher\":{\"@id\":\"https:\\\/\\\/galets-malins.com\\\/#organization\"},\"potentialAction\":[{\"@type\":\"SearchAction\",\"target\":{\"@type\":\"EntryPoint\",\"urlTemplate\":\"https:\\\/\\\/galets-malins.com\\\/?s={search_term_string}\"},\"query-input\":{\"@type\":\"PropertyValueSpecification\",\"valueRequired\":true,\"valueName\":\"search_term_string\"}}],\"inLanguage\":\"fr-FR\"},{\"@type\":\"Organization\",\"@id\":\"https:\\\/\\\/galets-malins.com\\\/#organization\",\"name\":\"galets-malins.com\",\"url\":\"https:\\\/\\\/galets-malins.com\\\/\",\"logo\":{\"@type\":\"ImageObject\",\"inLanguage\":\"fr-FR\",\"@id\":\"https:\\\/\\\/galets-malins.com\\\/#\\\/schema\\\/logo\\\/image\\\/\",\"url\":\"https:\\\/\\\/galets-malins.com\\\/wp-content\\\/uploads\\\/2023\\\/09\\\/logo-site.png\",\"contentUrl\":\"https:\\\/\\\/galets-malins.com\\\/wp-content\\\/uploads\\\/2023\\\/09\\\/logo-site.png\",\"width\":582,\"height\":303,\"caption\":\"galets-malins.com\"},\"image\":{\"@id\":\"https:\\\/\\\/galets-malins.com\\\/#\\\/schema\\\/logo\\\/image\\\/\"}}]}<\/script>\n<!-- \/ Yoast SEO plugin. -->","yoast_head_json":{"title":"Galet T\u00eate de Cheval\"","description":"Galet-T\u00eate-De-Cheval-Personnalis\u00e9-Cadeau-D\u00e9coration-Plaisir-Couleur-Animaux-Sport-","robots":{"index":"index","follow":"follow","max-snippet":"max-snippet:-1","max-image-preview":"max-image-preview:large","max-video-preview":"max-video-preview:-1"},"canonical":"https:\/\/galets-malins.com\/index.php\/produit\/419\/","og_locale":"fr_FR","og_type":"article","og_title":"Galet T\u00eate de Cheval\"","og_description":"Galet-T\u00eate-De-Cheval-Personnalis\u00e9-Cadeau-D\u00e9coration-Plaisir-Couleur-Animaux-Sport-","og_url":"https:\/\/galets-malins.com\/index.php\/produit\/419\/","og_site_name":"galets-malins.com","article_modified_time":"2023-09-27T18:53:04+00:00","og_image":[{"width":800,"height":800,"url":"http:\/\/galets-malins.com\/wp-content\/uploads\/2023\/09\/Galet-Tete-de-cheval-personalise-cadeau-decoration-plaisir.jpg","type":"image\/jpeg"}],"twitter_card":"summary_large_image","twitter_misc":{"Dur\u00e9e de lecture estim\u00e9e":"1 minute"},"schema":{"@context":"https:\/\/schema.org","@graph":[{"@type":"WebPage","@id":"https:\/\/galets-malins.com\/index.php\/produit\/419\/","url":"https:\/\/galets-malins.com\/index.php\/produit\/419\/","name":"Galet T\u00eate de Cheval\"","isPartOf":{"@id":"https:\/\/galets-malins.com\/#website"},"primaryImageOfPage":{"@id":"https:\/\/galets-malins.com\/index.php\/produit\/419\/#primaryimage"},"image":{"@id":"https:\/\/galets-malins.com\/index.php\/produit\/419\/#primaryimage"},"thumbnailUrl":"https:\/\/galets-malins.com\/wp-content\/uploads\/2023\/09\/Galet-Tete-de-cheval-personalise-cadeau-decoration-plaisir.jpg","datePublished":"2023-09-26T13:41:18+00:00","dateModified":"2023-09-27T18:53:04+00:00","description":"Galet-T\u00eate-De-Cheval-Personnalis\u00e9-Cadeau-D\u00e9coration-Plaisir-Couleur-Animaux-Sport-","breadcrumb":{"@id":"https:\/\/galets-malins.com\/index.php\/produit\/419\/#breadcrumb"},"inLanguage":"fr-FR","potentialAction":[{"@type":"ReadAction","target":["https:\/\/galets-malins.com\/index.php\/produit\/419\/"]}]},{"@type":"ImageObject","inLanguage":"fr-FR","@id":"https:\/\/galets-malins.com\/index.php\/produit\/419\/#primaryimage","url":"https:\/\/galets-malins.com\/wp-content\/uploads\/2023\/09\/Galet-Tete-de-cheval-personalise-cadeau-decoration-plaisir.jpg","contentUrl":"https:\/\/galets-malins.com\/wp-content\/uploads\/2023\/09\/Galet-Tete-de-cheval-personalise-cadeau-decoration-plaisir.jpg","width":800,"height":800},{"@type":"BreadcrumbList","@id":"https:\/\/galets-malins.com\/index.php\/produit\/419\/#breadcrumb","itemListElement":[{"@type":"ListItem","position":1,"name":"Accueil","item":"https:\/\/galets-malins.com\/"},{"@type":"ListItem","position":2,"name":"Boutique","item":"https:\/\/galets-malins.com\/index.php\/boutique\/"},{"@type":"ListItem","position":3,"name":"Galet T\u00eate de Cheval&#8221;"}]},{"@type":"WebSite","@id":"https:\/\/galets-malins.com\/#website","url":"https:\/\/galets-malins.com\/","name":"galets-malins.com","description":"Cr\u00e9ations orignales en galets","publisher":{"@id":"https:\/\/galets-malins.com\/#organization"},"potentialAction":[{"@type":"SearchAction","target":{"@type":"EntryPoint","urlTemplate":"https:\/\/galets-malins.com\/?s={search_term_string}"},"query-input":{"@type":"PropertyValueSpecification","valueRequired":true,"valueName":"search_term_string"}}],"inLanguage":"fr-FR"},{"@type":"Organization","@id":"https:\/\/galets-malins.com\/#organization","name":"galets-malins.com","url":"https:\/\/galets-malins.com\/","logo":{"@type":"ImageObject","inLanguage":"fr-FR","@id":"https:\/\/galets-malins.com\/#\/schema\/logo\/image\/","url":"https:\/\/galets-malins.com\/wp-content\/uploads\/2023\/09\/logo-site.png","contentUrl":"https:\/\/galets-malins.com\/wp-content\/uploads\/2023\/09\/logo-site.png","width":582,"height":303,"caption":"galets-malins.com"},"image":{"@id":"https:\/\/galets-malins.com\/#\/schema\/logo\/image\/"}}]}},"uagb_featured_image_src":{"full":["https:\/\/galets-malins.com\/wp-content\/uploads\/2023\/09\/Galet-Tete-de-cheval-personalise-cadeau-decoration-plaisir.jpg",800,800,false],"thumbnail":["https:\/\/galets-malins.com\/wp-content\/uploads\/2023\/09\/Galet-Tete-de-cheval-personalise-cadeau-decoration-plaisir-150x150.jpg",150,150,true],"medium":["https:\/\/galets-malins.com\/wp-content\/uploads\/2023\/09\/Galet-Tete-de-cheval-personalise-cadeau-decoration-plaisir-300x300.jpg",300,300,true],"medium_large":["https:\/\/galets-malins.com\/wp-content\/uploads\/2023\/09\/Galet-Tete-de-cheval-personalise-cadeau-decoration-plaisir-768x768.jpg",768,768,true],"large":["https:\/\/galets-malins.com\/wp-content\/uploads\/2023\/09\/Galet-Tete-de-cheval-personalise-cadeau-decoration-plaisir.jpg",800,800,false],"1536x1536":["https:\/\/galets-malins.com\/wp-content\/uploads\/2023\/09\/Galet-Tete-de-cheval-personalise-cadeau-decoration-plaisir.jpg",800,800,false],"2048x2048":["https:\/\/galets-malins.com\/wp-content\/uploads\/2023\/09\/Galet-Tete-de-cheval-personalise-cadeau-decoration-plaisir.jpg",800,800,false],"post-thumbnail":["https:\/\/galets-malins.com\/wp-content\/uploads\/2023\/09\/Galet-Tete-de-cheval-personalise-cadeau-decoration-plaisir.jpg",800,800,false],"woocommerce_thumbnail":["https:\/\/galets-malins.com\/wp-content\/uploads\/2023\/09\/Galet-Tete-de-cheval-personalise-cadeau-decoration-plaisir-400x400.jpg",400,400,true],"woocommerce_single":["https:\/\/galets-malins.com\/wp-content\/uploads\/2023\/09\/Galet-Tete-de-cheval-personalise-cadeau-decoration-plaisir.jpg",800,800,false],"woocommerce_gallery_thumbnail":["https:\/\/galets-malins.com\/wp-content\/uploads\/2023\/09\/Galet-Tete-de-cheval-personalise-cadeau-decoration-plaisir-100x100.jpg",100,100,true]},"uagb_author_info":{"display_name":"Ginette MUNCH","author_link":"https:\/\/galets-malins.com\/index.php\/author\/"},"uagb_comment_info":0,"uagb_excerpt":"Galet Personnalis\u00e9, \"T\u00eate de Cheval\" R\u00e9f : GPTC001 Dimension 10 x 8 cm Poids 362 gr","_links":{"self":[{"href":"https:\/\/galets-malins.com\/index.php\/wp-json\/wp\/v2\/product\/419","targetHints":{"allow":["GET"]}}],"collection":[{"href":"https:\/\/galets-malins.com\/index.php\/wp-json\/wp\/v2\/product"}],"about":[{"href":"https:\/\/galets-malins.com\/index.php\/wp-json\/wp\/v2\/types\/product"}],"replies":[{"embeddable":true,"href":"https:\/\/galets-malins.com\/index.php\/wp-json\/wp\/v2\/comments?post=419"}],"wp:featuredmedia":[{"embeddable":true,"href":"https:\/\/galets-malins.com\/index.php\/wp-json\/wp\/v2\/media\/420"}],"wp:attachment":[{"href":"https:\/\/galets-malins.com\/index.php\/wp-json\/wp\/v2\/media?parent=419"}],"wp:term":[{"taxonomy":"product_brand","embeddable":true,"href":"https:\/\/galets-malins.com\/index.php\/wp-json\/wp\/v2\/product_brand?post=419"},{"taxonomy":"product_cat","embeddable":true,"href":"https:\/\/galets-malins.com\/index.php\/wp-json\/wp\/v2\/product_cat?post=419"},{"taxonomy":"product_tag","embeddable":true,"href":"https:\/\/galets-malins.com\/index.php\/wp-json\/wp\/v2\/product_tag?post=419"}],"curies":[{"name":"wp","href":"https:\/\/api.w.org\/{rel}","templated":true}]}}