{"id":675,"date":"2023-11-19T16:19:26","date_gmt":"2023-11-19T15:19:26","guid":{"rendered":"https:\/\/galets-malins.com\/?post_type=product&#038;p=675"},"modified":"2023-11-19T16:31:35","modified_gmt":"2023-11-19T15:31:35","slug":"puzzle-lapin","status":"publish","type":"product","link":"https:\/\/galets-malins.com\/index.php\/produit\/puzzle-lapin\/","title":{"rendered":"Puzzle \u00ab\u00a0Lapin\u00a0\u00bb"},"content":{"rendered":"<p>Puzzle de 7 pi\u00e8ces pour les petits\u2026\u2026 <img decoding=\"async\" class=\"emoji\" role=\"img\" src=\"https:\/\/s.w.org\/images\/core\/emoji\/14.0.0\/svg\/263a.svg\" alt=\"\u263a\" \/><\/p>\n<div>\n<p>Assembl\u00e9 les pi\u00e8ces afin de former le dessin, D\u00e9s 3 ans Bonne Chance !!<\/p>\n<p>Vous avez la possibilit\u00e9 de demander des dessins personnalis\u00e9s de votre choix.<\/p>\n<\/div>\n<div>\n<p>R\u00e9f : PUZ002 Dimension 14x14cm Poids 218 gr<\/p>\n<div>\n<p>Equipement : 7 Carreaux Mosa\u00efque &amp; 1 pochette en tissu<\/p>\n<\/div>\n<\/div>\n","protected":false},"excerpt":{"rendered":"<p>Puzzle de 7 pi\u00e8ces pour enfants<\/p>\n","protected":false},"featured_media":676,"comment_status":"open","ping_status":"closed","template":"","meta":{"_uag_custom_page_level_css":""},"product_brand":[],"product_cat":[21],"product_tag":[],"class_list":{"0":"post-675","1":"product","2":"type-product","3":"status-publish","4":"has-post-thumbnail","6":"product_cat-jeux","8":"first","9":"instock","10":"shipping-taxable","11":"purchasable","12":"product-type-simple"},"yoast_head":"<!-- This site is optimized with the Yoast SEO plugin v27.4 - https:\/\/yoast.com\/product\/yoast-seo-wordpress\/ -->\n<title>Puzzle &quot;Lapin&quot;<\/title>\n<meta name=\"description\" content=\"Jeu-famille-puzzle-soci\u00e9t\u00e9-r\u00e9flexion-amusements-r\u00e9sultat-enfants-passion-plaisir-envie-\" \/>\n<meta name=\"robots\" content=\"index, follow, max-snippet:-1, max-image-preview:large, max-video-preview:-1\" \/>\n<link rel=\"canonical\" href=\"https:\/\/galets-malins.com\/index.php\/produit\/puzzle-lapin\/\" \/>\n<meta property=\"og:locale\" content=\"fr_FR\" \/>\n<meta property=\"og:type\" content=\"article\" \/>\n<meta property=\"og:title\" content=\"Puzzle &quot;Lapin&quot;\" \/>\n<meta property=\"og:description\" content=\"Jeu-famille-puzzle-soci\u00e9t\u00e9-r\u00e9flexion-amusements-r\u00e9sultat-enfants-passion-plaisir-envie-\" \/>\n<meta property=\"og:url\" content=\"https:\/\/galets-malins.com\/index.php\/produit\/puzzle-lapin\/\" \/>\n<meta property=\"og:site_name\" content=\"galets-malins.com\" \/>\n<meta property=\"article:modified_time\" content=\"2023-11-19T15:31:35+00:00\" \/>\n<meta property=\"og:image\" content=\"http:\/\/galets-malins.com\/wp-content\/uploads\/2023\/11\/IMG_20231117_185104_edit_174071509229166.jpg\" \/>\n\t<meta property=\"og:image:width\" content=\"1680\" \/>\n\t<meta property=\"og:image:height\" content=\"1657\" \/>\n\t<meta property=\"og:image:type\" content=\"image\/jpeg\" \/>\n<meta name=\"twitter:card\" content=\"summary_large_image\" \/>\n<meta name=\"twitter:label1\" content=\"Dur\u00e9e de lecture estim\u00e9e\" \/>\n\t<meta name=\"twitter:data1\" content=\"1 minute\" \/>\n<script type=\"application\/ld+json\" class=\"yoast-schema-graph\">{\"@context\":\"https:\\\/\\\/schema.org\",\"@graph\":[{\"@type\":\"WebPage\",\"@id\":\"https:\\\/\\\/galets-malins.com\\\/index.php\\\/produit\\\/puzzle-lapin\\\/\",\"url\":\"https:\\\/\\\/galets-malins.com\\\/index.php\\\/produit\\\/puzzle-lapin\\\/\",\"name\":\"Puzzle \\\"Lapin\\\"\",\"isPartOf\":{\"@id\":\"https:\\\/\\\/galets-malins.com\\\/#website\"},\"primaryImageOfPage\":{\"@id\":\"https:\\\/\\\/galets-malins.com\\\/index.php\\\/produit\\\/puzzle-lapin\\\/#primaryimage\"},\"image\":{\"@id\":\"https:\\\/\\\/galets-malins.com\\\/index.php\\\/produit\\\/puzzle-lapin\\\/#primaryimage\"},\"thumbnailUrl\":\"https:\\\/\\\/galets-malins.com\\\/wp-content\\\/uploads\\\/2023\\\/11\\\/IMG_20231117_185104_edit_174071509229166.jpg\",\"datePublished\":\"2023-11-19T15:19:26+00:00\",\"dateModified\":\"2023-11-19T15:31:35+00:00\",\"description\":\"Jeu-famille-puzzle-soci\u00e9t\u00e9-r\u00e9flexion-amusements-r\u00e9sultat-enfants-passion-plaisir-envie-\",\"breadcrumb\":{\"@id\":\"https:\\\/\\\/galets-malins.com\\\/index.php\\\/produit\\\/puzzle-lapin\\\/#breadcrumb\"},\"inLanguage\":\"fr-FR\",\"potentialAction\":[{\"@type\":\"ReadAction\",\"target\":[\"https:\\\/\\\/galets-malins.com\\\/index.php\\\/produit\\\/puzzle-lapin\\\/\"]}]},{\"@type\":\"ImageObject\",\"inLanguage\":\"fr-FR\",\"@id\":\"https:\\\/\\\/galets-malins.com\\\/index.php\\\/produit\\\/puzzle-lapin\\\/#primaryimage\",\"url\":\"https:\\\/\\\/galets-malins.com\\\/wp-content\\\/uploads\\\/2023\\\/11\\\/IMG_20231117_185104_edit_174071509229166.jpg\",\"contentUrl\":\"https:\\\/\\\/galets-malins.com\\\/wp-content\\\/uploads\\\/2023\\\/11\\\/IMG_20231117_185104_edit_174071509229166.jpg\",\"width\":1680,\"height\":1657,\"caption\":\"mde_soft\"},{\"@type\":\"BreadcrumbList\",\"@id\":\"https:\\\/\\\/galets-malins.com\\\/index.php\\\/produit\\\/puzzle-lapin\\\/#breadcrumb\",\"itemListElement\":[{\"@type\":\"ListItem\",\"position\":1,\"name\":\"Accueil\",\"item\":\"https:\\\/\\\/galets-malins.com\\\/\"},{\"@type\":\"ListItem\",\"position\":2,\"name\":\"Boutique\",\"item\":\"https:\\\/\\\/galets-malins.com\\\/index.php\\\/boutique\\\/\"},{\"@type\":\"ListItem\",\"position\":3,\"name\":\"Puzzle &#8220;Lapin&#8221;\"}]},{\"@type\":\"WebSite\",\"@id\":\"https:\\\/\\\/galets-malins.com\\\/#website\",\"url\":\"https:\\\/\\\/galets-malins.com\\\/\",\"name\":\"galets-malins.com\",\"description\":\"Cr\u00e9ations orignales en galets\",\"publisher\":{\"@id\":\"https:\\\/\\\/galets-malins.com\\\/#organization\"},\"potentialAction\":[{\"@type\":\"SearchAction\",\"target\":{\"@type\":\"EntryPoint\",\"urlTemplate\":\"https:\\\/\\\/galets-malins.com\\\/?s={search_term_string}\"},\"query-input\":{\"@type\":\"PropertyValueSpecification\",\"valueRequired\":true,\"valueName\":\"search_term_string\"}}],\"inLanguage\":\"fr-FR\"},{\"@type\":\"Organization\",\"@id\":\"https:\\\/\\\/galets-malins.com\\\/#organization\",\"name\":\"galets-malins.com\",\"url\":\"https:\\\/\\\/galets-malins.com\\\/\",\"logo\":{\"@type\":\"ImageObject\",\"inLanguage\":\"fr-FR\",\"@id\":\"https:\\\/\\\/galets-malins.com\\\/#\\\/schema\\\/logo\\\/image\\\/\",\"url\":\"https:\\\/\\\/galets-malins.com\\\/wp-content\\\/uploads\\\/2023\\\/09\\\/logo-site.png\",\"contentUrl\":\"https:\\\/\\\/galets-malins.com\\\/wp-content\\\/uploads\\\/2023\\\/09\\\/logo-site.png\",\"width\":582,\"height\":303,\"caption\":\"galets-malins.com\"},\"image\":{\"@id\":\"https:\\\/\\\/galets-malins.com\\\/#\\\/schema\\\/logo\\\/image\\\/\"}}]}<\/script>\n<!-- \/ Yoast SEO plugin. -->","yoast_head_json":{"title":"Puzzle \"Lapin\"","description":"Jeu-famille-puzzle-soci\u00e9t\u00e9-r\u00e9flexion-amusements-r\u00e9sultat-enfants-passion-plaisir-envie-","robots":{"index":"index","follow":"follow","max-snippet":"max-snippet:-1","max-image-preview":"max-image-preview:large","max-video-preview":"max-video-preview:-1"},"canonical":"https:\/\/galets-malins.com\/index.php\/produit\/puzzle-lapin\/","og_locale":"fr_FR","og_type":"article","og_title":"Puzzle \"Lapin\"","og_description":"Jeu-famille-puzzle-soci\u00e9t\u00e9-r\u00e9flexion-amusements-r\u00e9sultat-enfants-passion-plaisir-envie-","og_url":"https:\/\/galets-malins.com\/index.php\/produit\/puzzle-lapin\/","og_site_name":"galets-malins.com","article_modified_time":"2023-11-19T15:31:35+00:00","og_image":[{"width":1680,"height":1657,"url":"http:\/\/galets-malins.com\/wp-content\/uploads\/2023\/11\/IMG_20231117_185104_edit_174071509229166.jpg","type":"image\/jpeg"}],"twitter_card":"summary_large_image","twitter_misc":{"Dur\u00e9e de lecture estim\u00e9e":"1 minute"},"schema":{"@context":"https:\/\/schema.org","@graph":[{"@type":"WebPage","@id":"https:\/\/galets-malins.com\/index.php\/produit\/puzzle-lapin\/","url":"https:\/\/galets-malins.com\/index.php\/produit\/puzzle-lapin\/","name":"Puzzle \"Lapin\"","isPartOf":{"@id":"https:\/\/galets-malins.com\/#website"},"primaryImageOfPage":{"@id":"https:\/\/galets-malins.com\/index.php\/produit\/puzzle-lapin\/#primaryimage"},"image":{"@id":"https:\/\/galets-malins.com\/index.php\/produit\/puzzle-lapin\/#primaryimage"},"thumbnailUrl":"https:\/\/galets-malins.com\/wp-content\/uploads\/2023\/11\/IMG_20231117_185104_edit_174071509229166.jpg","datePublished":"2023-11-19T15:19:26+00:00","dateModified":"2023-11-19T15:31:35+00:00","description":"Jeu-famille-puzzle-soci\u00e9t\u00e9-r\u00e9flexion-amusements-r\u00e9sultat-enfants-passion-plaisir-envie-","breadcrumb":{"@id":"https:\/\/galets-malins.com\/index.php\/produit\/puzzle-lapin\/#breadcrumb"},"inLanguage":"fr-FR","potentialAction":[{"@type":"ReadAction","target":["https:\/\/galets-malins.com\/index.php\/produit\/puzzle-lapin\/"]}]},{"@type":"ImageObject","inLanguage":"fr-FR","@id":"https:\/\/galets-malins.com\/index.php\/produit\/puzzle-lapin\/#primaryimage","url":"https:\/\/galets-malins.com\/wp-content\/uploads\/2023\/11\/IMG_20231117_185104_edit_174071509229166.jpg","contentUrl":"https:\/\/galets-malins.com\/wp-content\/uploads\/2023\/11\/IMG_20231117_185104_edit_174071509229166.jpg","width":1680,"height":1657,"caption":"mde_soft"},{"@type":"BreadcrumbList","@id":"https:\/\/galets-malins.com\/index.php\/produit\/puzzle-lapin\/#breadcrumb","itemListElement":[{"@type":"ListItem","position":1,"name":"Accueil","item":"https:\/\/galets-malins.com\/"},{"@type":"ListItem","position":2,"name":"Boutique","item":"https:\/\/galets-malins.com\/index.php\/boutique\/"},{"@type":"ListItem","position":3,"name":"Puzzle &#8220;Lapin&#8221;"}]},{"@type":"WebSite","@id":"https:\/\/galets-malins.com\/#website","url":"https:\/\/galets-malins.com\/","name":"galets-malins.com","description":"Cr\u00e9ations orignales en galets","publisher":{"@id":"https:\/\/galets-malins.com\/#organization"},"potentialAction":[{"@type":"SearchAction","target":{"@type":"EntryPoint","urlTemplate":"https:\/\/galets-malins.com\/?s={search_term_string}"},"query-input":{"@type":"PropertyValueSpecification","valueRequired":true,"valueName":"search_term_string"}}],"inLanguage":"fr-FR"},{"@type":"Organization","@id":"https:\/\/galets-malins.com\/#organization","name":"galets-malins.com","url":"https:\/\/galets-malins.com\/","logo":{"@type":"ImageObject","inLanguage":"fr-FR","@id":"https:\/\/galets-malins.com\/#\/schema\/logo\/image\/","url":"https:\/\/galets-malins.com\/wp-content\/uploads\/2023\/09\/logo-site.png","contentUrl":"https:\/\/galets-malins.com\/wp-content\/uploads\/2023\/09\/logo-site.png","width":582,"height":303,"caption":"galets-malins.com"},"image":{"@id":"https:\/\/galets-malins.com\/#\/schema\/logo\/image\/"}}]}},"uagb_featured_image_src":{"full":["https:\/\/galets-malins.com\/wp-content\/uploads\/2023\/11\/IMG_20231117_185104_edit_174071509229166.jpg",1680,1657,false],"thumbnail":["https:\/\/galets-malins.com\/wp-content\/uploads\/2023\/11\/IMG_20231117_185104_edit_174071509229166-150x150.jpg",150,150,true],"medium":["https:\/\/galets-malins.com\/wp-content\/uploads\/2023\/11\/IMG_20231117_185104_edit_174071509229166-300x296.jpg",300,296,true],"medium_large":["https:\/\/galets-malins.com\/wp-content\/uploads\/2023\/11\/IMG_20231117_185104_edit_174071509229166-768x757.jpg",768,757,true],"large":["https:\/\/galets-malins.com\/wp-content\/uploads\/2023\/11\/IMG_20231117_185104_edit_174071509229166-1024x1010.jpg",1024,1010,true],"1536x1536":["https:\/\/galets-malins.com\/wp-content\/uploads\/2023\/11\/IMG_20231117_185104_edit_174071509229166-1536x1515.jpg",1536,1515,true],"2048x2048":["https:\/\/galets-malins.com\/wp-content\/uploads\/2023\/11\/IMG_20231117_185104_edit_174071509229166.jpg",1680,1657,false],"post-thumbnail":["https:\/\/galets-malins.com\/wp-content\/uploads\/2023\/11\/IMG_20231117_185104_edit_174071509229166-1200x1184.jpg",1200,1184,true],"woocommerce_thumbnail":["https:\/\/galets-malins.com\/wp-content\/uploads\/2023\/11\/IMG_20231117_185104_edit_174071509229166-400x400.jpg",400,400,true],"woocommerce_single":["https:\/\/galets-malins.com\/wp-content\/uploads\/2023\/11\/IMG_20231117_185104_edit_174071509229166-800x789.jpg",800,789,true],"woocommerce_gallery_thumbnail":["https:\/\/galets-malins.com\/wp-content\/uploads\/2023\/11\/IMG_20231117_185104_edit_174071509229166-100x100.jpg",100,100,true]},"uagb_author_info":{"display_name":"Ginette MUNCH","author_link":"https:\/\/galets-malins.com\/index.php\/author\/"},"uagb_comment_info":1,"uagb_excerpt":"Puzzle de 7 pi\u00e8ces pour enfants","_links":{"self":[{"href":"https:\/\/galets-malins.com\/index.php\/wp-json\/wp\/v2\/product\/675","targetHints":{"allow":["GET"]}}],"collection":[{"href":"https:\/\/galets-malins.com\/index.php\/wp-json\/wp\/v2\/product"}],"about":[{"href":"https:\/\/galets-malins.com\/index.php\/wp-json\/wp\/v2\/types\/product"}],"replies":[{"embeddable":true,"href":"https:\/\/galets-malins.com\/index.php\/wp-json\/wp\/v2\/comments?post=675"}],"wp:featuredmedia":[{"embeddable":true,"href":"https:\/\/galets-malins.com\/index.php\/wp-json\/wp\/v2\/media\/676"}],"wp:attachment":[{"href":"https:\/\/galets-malins.com\/index.php\/wp-json\/wp\/v2\/media?parent=675"}],"wp:term":[{"taxonomy":"product_brand","embeddable":true,"href":"https:\/\/galets-malins.com\/index.php\/wp-json\/wp\/v2\/product_brand?post=675"},{"taxonomy":"product_cat","embeddable":true,"href":"https:\/\/galets-malins.com\/index.php\/wp-json\/wp\/v2\/product_cat?post=675"},{"taxonomy":"product_tag","embeddable":true,"href":"https:\/\/galets-malins.com\/index.php\/wp-json\/wp\/v2\/product_tag?post=675"}],"curies":[{"name":"wp","href":"https:\/\/api.w.org\/{rel}","templated":true}]}}