{"id":686,"date":"2023-12-10T20:26:11","date_gmt":"2023-12-10T19:26:11","guid":{"rendered":"https:\/\/galets-malins.com\/?post_type=product&#038;p=686"},"modified":"2023-12-10T21:18:36","modified_gmt":"2023-12-10T20:18:36","slug":"jeu-du-serpent","status":"publish","type":"product","link":"https:\/\/galets-malins.com\/index.php\/produit\/jeu-du-serpent\/","title":{"rendered":"Jeu du Serpent"},"content":{"rendered":"<p>Jeu de Serpents \u00e0 jouer en famille.<\/p>\n<p>Pour commencer le plus jeune lance le d\u00e9 et avance son pion du nombre indiqu\u00e9 sur le d\u00e9.<\/p>\n<p>Le pion arrive sur le bas de l&rsquo;\u00e9chelle, on monte dans la case ou il y a le haut de l&rsquo;\u00e9chelle<\/p>\n<p>Le pion arrive sur la queue du serpent, on descend dans la case ou il y a la t\u00eate du serpent.<\/p>\n<p>Le pion arrive sur une case normale, on ne bouge pas.<\/p>\n<p>Chaque joueur joue \u00e0 tour r\u00f4le, le deuxi\u00e8me \u00e0 jouer est celui qui est a gauche du premier et ainsi de suite.<\/p>\n<p>Pour gagner, il faut arriver pile sur la derni\u00e8re case \u00ab\u00a0YES\u00a0\u00bb sinon on recule du nombre de point restants.<\/p>\n","protected":false},"excerpt":{"rendered":"<p>Jeu de Serpents, 2 \u00e0 4 joueurs \u00e0\u00a0 partir de 4 ans<\/p>\n<p>Mat\u00e9riel:\u00a0 1 Support en Tissus<\/p>\n<p>1 D\u00e9<\/p>\n<p>4 Galets Serpents<\/p>\n","protected":false},"featured_media":690,"comment_status":"open","ping_status":"closed","template":"","meta":{"_uag_custom_page_level_css":""},"product_brand":[],"product_cat":[21],"product_tag":[],"class_list":{"0":"post-686","1":"product","2":"type-product","3":"status-publish","4":"has-post-thumbnail","6":"product_cat-jeux","8":"first","9":"instock","10":"shipping-taxable","11":"purchasable","12":"product-type-simple"},"yoast_head":"<!-- This site is optimized with the Yoast SEO plugin v27.4 - https:\/\/yoast.com\/product\/yoast-seo-wordpress\/ -->\n<title>Jeu du Serpent<\/title>\n<meta name=\"description\" content=\"Jeu-de-serpents-enfants-galets-malins-soir\u00e9e-concentration-jeu-en-familles-\" \/>\n<meta name=\"robots\" content=\"index, follow, max-snippet:-1, max-image-preview:large, max-video-preview:-1\" \/>\n<link rel=\"canonical\" href=\"https:\/\/galets-malins.com\/index.php\/produit\/jeu-du-serpent\/\" \/>\n<meta property=\"og:locale\" content=\"fr_FR\" \/>\n<meta property=\"og:type\" content=\"article\" \/>\n<meta property=\"og:title\" content=\"Jeu du Serpent\" \/>\n<meta property=\"og:description\" content=\"Jeu-de-serpents-enfants-galets-malins-soir\u00e9e-concentration-jeu-en-familles-\" \/>\n<meta property=\"og:url\" content=\"https:\/\/galets-malins.com\/index.php\/produit\/jeu-du-serpent\/\" \/>\n<meta property=\"og:site_name\" content=\"galets-malins.com\" \/>\n<meta property=\"article:modified_time\" content=\"2023-12-10T20:18:36+00:00\" \/>\n<meta name=\"twitter:card\" content=\"summary_large_image\" \/>\n<meta name=\"twitter:label1\" content=\"Dur\u00e9e de lecture estim\u00e9e\" \/>\n\t<meta name=\"twitter:data1\" content=\"1 minute\" \/>\n<script type=\"application\/ld+json\" class=\"yoast-schema-graph\">{\"@context\":\"https:\\\/\\\/schema.org\",\"@graph\":[{\"@type\":\"WebPage\",\"@id\":\"https:\\\/\\\/galets-malins.com\\\/index.php\\\/produit\\\/jeu-du-serpent\\\/\",\"url\":\"https:\\\/\\\/galets-malins.com\\\/index.php\\\/produit\\\/jeu-du-serpent\\\/\",\"name\":\"Jeu du Serpent\",\"isPartOf\":{\"@id\":\"https:\\\/\\\/galets-malins.com\\\/#website\"},\"primaryImageOfPage\":{\"@id\":\"https:\\\/\\\/galets-malins.com\\\/index.php\\\/produit\\\/jeu-du-serpent\\\/#primaryimage\"},\"image\":{\"@id\":\"https:\\\/\\\/galets-malins.com\\\/index.php\\\/produit\\\/jeu-du-serpent\\\/#primaryimage\"},\"thumbnailUrl\":\"https:\\\/\\\/galets-malins.com\\\/wp-content\\\/uploads\\\/2023\\\/12\\\/Document-48-1-pdf.jpg\",\"datePublished\":\"2023-12-10T19:26:11+00:00\",\"dateModified\":\"2023-12-10T20:18:36+00:00\",\"description\":\"Jeu-de-serpents-enfants-galets-malins-soir\u00e9e-concentration-jeu-en-familles-\",\"breadcrumb\":{\"@id\":\"https:\\\/\\\/galets-malins.com\\\/index.php\\\/produit\\\/jeu-du-serpent\\\/#breadcrumb\"},\"inLanguage\":\"fr-FR\",\"potentialAction\":[{\"@type\":\"ReadAction\",\"target\":[\"https:\\\/\\\/galets-malins.com\\\/index.php\\\/produit\\\/jeu-du-serpent\\\/\"]}]},{\"@type\":\"ImageObject\",\"inLanguage\":\"fr-FR\",\"@id\":\"https:\\\/\\\/galets-malins.com\\\/index.php\\\/produit\\\/jeu-du-serpent\\\/#primaryimage\",\"url\":\"https:\\\/\\\/galets-malins.com\\\/wp-content\\\/uploads\\\/2023\\\/12\\\/Document-48-1-pdf.jpg\",\"contentUrl\":\"https:\\\/\\\/galets-malins.com\\\/wp-content\\\/uploads\\\/2023\\\/12\\\/Document-48-1-pdf.jpg\"},{\"@type\":\"BreadcrumbList\",\"@id\":\"https:\\\/\\\/galets-malins.com\\\/index.php\\\/produit\\\/jeu-du-serpent\\\/#breadcrumb\",\"itemListElement\":[{\"@type\":\"ListItem\",\"position\":1,\"name\":\"Accueil\",\"item\":\"https:\\\/\\\/galets-malins.com\\\/\"},{\"@type\":\"ListItem\",\"position\":2,\"name\":\"Boutique\",\"item\":\"https:\\\/\\\/galets-malins.com\\\/index.php\\\/boutique\\\/\"},{\"@type\":\"ListItem\",\"position\":3,\"name\":\"Jeu du Serpent\"}]},{\"@type\":\"WebSite\",\"@id\":\"https:\\\/\\\/galets-malins.com\\\/#website\",\"url\":\"https:\\\/\\\/galets-malins.com\\\/\",\"name\":\"galets-malins.com\",\"description\":\"Cr\u00e9ations orignales en galets\",\"publisher\":{\"@id\":\"https:\\\/\\\/galets-malins.com\\\/#organization\"},\"potentialAction\":[{\"@type\":\"SearchAction\",\"target\":{\"@type\":\"EntryPoint\",\"urlTemplate\":\"https:\\\/\\\/galets-malins.com\\\/?s={search_term_string}\"},\"query-input\":{\"@type\":\"PropertyValueSpecification\",\"valueRequired\":true,\"valueName\":\"search_term_string\"}}],\"inLanguage\":\"fr-FR\"},{\"@type\":\"Organization\",\"@id\":\"https:\\\/\\\/galets-malins.com\\\/#organization\",\"name\":\"galets-malins.com\",\"url\":\"https:\\\/\\\/galets-malins.com\\\/\",\"logo\":{\"@type\":\"ImageObject\",\"inLanguage\":\"fr-FR\",\"@id\":\"https:\\\/\\\/galets-malins.com\\\/#\\\/schema\\\/logo\\\/image\\\/\",\"url\":\"https:\\\/\\\/galets-malins.com\\\/wp-content\\\/uploads\\\/2023\\\/09\\\/logo-site.png\",\"contentUrl\":\"https:\\\/\\\/galets-malins.com\\\/wp-content\\\/uploads\\\/2023\\\/09\\\/logo-site.png\",\"width\":582,\"height\":303,\"caption\":\"galets-malins.com\"},\"image\":{\"@id\":\"https:\\\/\\\/galets-malins.com\\\/#\\\/schema\\\/logo\\\/image\\\/\"}}]}<\/script>\n<!-- \/ Yoast SEO plugin. -->","yoast_head_json":{"title":"Jeu du Serpent","description":"Jeu-de-serpents-enfants-galets-malins-soir\u00e9e-concentration-jeu-en-familles-","robots":{"index":"index","follow":"follow","max-snippet":"max-snippet:-1","max-image-preview":"max-image-preview:large","max-video-preview":"max-video-preview:-1"},"canonical":"https:\/\/galets-malins.com\/index.php\/produit\/jeu-du-serpent\/","og_locale":"fr_FR","og_type":"article","og_title":"Jeu du Serpent","og_description":"Jeu-de-serpents-enfants-galets-malins-soir\u00e9e-concentration-jeu-en-familles-","og_url":"https:\/\/galets-malins.com\/index.php\/produit\/jeu-du-serpent\/","og_site_name":"galets-malins.com","article_modified_time":"2023-12-10T20:18:36+00:00","twitter_card":"summary_large_image","twitter_misc":{"Dur\u00e9e de lecture estim\u00e9e":"1 minute"},"schema":{"@context":"https:\/\/schema.org","@graph":[{"@type":"WebPage","@id":"https:\/\/galets-malins.com\/index.php\/produit\/jeu-du-serpent\/","url":"https:\/\/galets-malins.com\/index.php\/produit\/jeu-du-serpent\/","name":"Jeu du Serpent","isPartOf":{"@id":"https:\/\/galets-malins.com\/#website"},"primaryImageOfPage":{"@id":"https:\/\/galets-malins.com\/index.php\/produit\/jeu-du-serpent\/#primaryimage"},"image":{"@id":"https:\/\/galets-malins.com\/index.php\/produit\/jeu-du-serpent\/#primaryimage"},"thumbnailUrl":"https:\/\/galets-malins.com\/wp-content\/uploads\/2023\/12\/Document-48-1-pdf.jpg","datePublished":"2023-12-10T19:26:11+00:00","dateModified":"2023-12-10T20:18:36+00:00","description":"Jeu-de-serpents-enfants-galets-malins-soir\u00e9e-concentration-jeu-en-familles-","breadcrumb":{"@id":"https:\/\/galets-malins.com\/index.php\/produit\/jeu-du-serpent\/#breadcrumb"},"inLanguage":"fr-FR","potentialAction":[{"@type":"ReadAction","target":["https:\/\/galets-malins.com\/index.php\/produit\/jeu-du-serpent\/"]}]},{"@type":"ImageObject","inLanguage":"fr-FR","@id":"https:\/\/galets-malins.com\/index.php\/produit\/jeu-du-serpent\/#primaryimage","url":"https:\/\/galets-malins.com\/wp-content\/uploads\/2023\/12\/Document-48-1-pdf.jpg","contentUrl":"https:\/\/galets-malins.com\/wp-content\/uploads\/2023\/12\/Document-48-1-pdf.jpg"},{"@type":"BreadcrumbList","@id":"https:\/\/galets-malins.com\/index.php\/produit\/jeu-du-serpent\/#breadcrumb","itemListElement":[{"@type":"ListItem","position":1,"name":"Accueil","item":"https:\/\/galets-malins.com\/"},{"@type":"ListItem","position":2,"name":"Boutique","item":"https:\/\/galets-malins.com\/index.php\/boutique\/"},{"@type":"ListItem","position":3,"name":"Jeu du Serpent"}]},{"@type":"WebSite","@id":"https:\/\/galets-malins.com\/#website","url":"https:\/\/galets-malins.com\/","name":"galets-malins.com","description":"Cr\u00e9ations orignales en galets","publisher":{"@id":"https:\/\/galets-malins.com\/#organization"},"potentialAction":[{"@type":"SearchAction","target":{"@type":"EntryPoint","urlTemplate":"https:\/\/galets-malins.com\/?s={search_term_string}"},"query-input":{"@type":"PropertyValueSpecification","valueRequired":true,"valueName":"search_term_string"}}],"inLanguage":"fr-FR"},{"@type":"Organization","@id":"https:\/\/galets-malins.com\/#organization","name":"galets-malins.com","url":"https:\/\/galets-malins.com\/","logo":{"@type":"ImageObject","inLanguage":"fr-FR","@id":"https:\/\/galets-malins.com\/#\/schema\/logo\/image\/","url":"https:\/\/galets-malins.com\/wp-content\/uploads\/2023\/09\/logo-site.png","contentUrl":"https:\/\/galets-malins.com\/wp-content\/uploads\/2023\/09\/logo-site.png","width":582,"height":303,"caption":"galets-malins.com"},"image":{"@id":"https:\/\/galets-malins.com\/#\/schema\/logo\/image\/"}}]}},"uagb_featured_image_src":{"full":["https:\/\/galets-malins.com\/wp-content\/uploads\/2023\/12\/Document-48-1-pdf.jpg",1497,1058,true],"thumbnail":["https:\/\/galets-malins.com\/wp-content\/uploads\/2023\/12\/Document-48-1-pdf-150x106.jpg",150,106,true],"medium":["https:\/\/galets-malins.com\/wp-content\/uploads\/2023\/12\/Document-48-1-pdf-300x212.jpg",300,212,true],"medium_large":["https:\/\/galets-malins.com\/wp-content\/uploads\/2023\/12\/Document-48-1-pdf.jpg",768,543,false],"large":["https:\/\/galets-malins.com\/wp-content\/uploads\/2023\/12\/Document-48-1-pdf-1024x724.jpg",1024,724,true],"1536x1536":["https:\/\/galets-malins.com\/wp-content\/uploads\/2023\/12\/Document-48-1-pdf.jpg",1497,1058,false],"2048x2048":["https:\/\/galets-malins.com\/wp-content\/uploads\/2023\/12\/Document-48-1-pdf.jpg",1497,1058,false],"post-thumbnail":["https:\/\/galets-malins.com\/wp-content\/uploads\/2023\/12\/Document-48-1-pdf.jpg",1200,848,false],"woocommerce_thumbnail":["https:\/\/galets-malins.com\/wp-content\/uploads\/2023\/12\/Document-48-1-pdf.jpg",400,283,false],"woocommerce_single":["https:\/\/galets-malins.com\/wp-content\/uploads\/2023\/12\/Document-48-1-pdf.jpg",800,565,false],"woocommerce_gallery_thumbnail":["https:\/\/galets-malins.com\/wp-content\/uploads\/2023\/12\/Document-48-1-pdf.jpg",100,71,false]},"uagb_author_info":{"display_name":"Ginette MUNCH","author_link":"https:\/\/galets-malins.com\/index.php\/author\/"},"uagb_comment_info":1,"uagb_excerpt":"Jeu de Serpents, 2 \u00e0 4 joueurs \u00e0\u00a0 partir de 4 ans Mat\u00e9riel:\u00a0 1 Support en Tissus 1 D\u00e9 4 Galets Serpents","_links":{"self":[{"href":"https:\/\/galets-malins.com\/index.php\/wp-json\/wp\/v2\/product\/686","targetHints":{"allow":["GET"]}}],"collection":[{"href":"https:\/\/galets-malins.com\/index.php\/wp-json\/wp\/v2\/product"}],"about":[{"href":"https:\/\/galets-malins.com\/index.php\/wp-json\/wp\/v2\/types\/product"}],"replies":[{"embeddable":true,"href":"https:\/\/galets-malins.com\/index.php\/wp-json\/wp\/v2\/comments?post=686"}],"wp:featuredmedia":[{"embeddable":true,"href":"https:\/\/galets-malins.com\/index.php\/wp-json\/wp\/v2\/media\/690"}],"wp:attachment":[{"href":"https:\/\/galets-malins.com\/index.php\/wp-json\/wp\/v2\/media?parent=686"}],"wp:term":[{"taxonomy":"product_brand","embeddable":true,"href":"https:\/\/galets-malins.com\/index.php\/wp-json\/wp\/v2\/product_brand?post=686"},{"taxonomy":"product_cat","embeddable":true,"href":"https:\/\/galets-malins.com\/index.php\/wp-json\/wp\/v2\/product_cat?post=686"},{"taxonomy":"product_tag","embeddable":true,"href":"https:\/\/galets-malins.com\/index.php\/wp-json\/wp\/v2\/product_tag?post=686"}],"curies":[{"name":"wp","href":"https:\/\/api.w.org\/{rel}","templated":true}]}}